{"id":110,"date":"2023-08-24T10:30:41","date_gmt":"2023-08-24T08:30:41","guid":{"rendered":"https:\/\/andreini.myvirtualab.it\/?page_id=110"},"modified":"2023-09-18T11:14:18","modified_gmt":"2023-09-18T09:14:18","slug":"certificazioni","status":"publish","type":"page","link":"https:\/\/andreinipiante.it\/de\/certificazioni\/","title":{"rendered":"Zertifizierungen"},"content":{"rendered":"<div data-elementor-type=\"wp-page\" data-elementor-id=\"110\" class=\"elementor elementor-110\" data-elementor-post-type=\"page\">\n\t\t\t\t\t\t<section class=\"elementor-section elementor-top-section elementor-element elementor-element-7cd9f03 elementor-section-boxed elementor-section-height-default elementor-section-height-default\" data-id=\"7cd9f03\" data-element_type=\"section\" data-e-type=\"section\">\n\t\t\t\t\t\t<div class=\"elementor-container elementor-column-gap-default\">\n\t\t\t\t\t<div class=\"elementor-column elementor-col-50 elementor-top-column elementor-element elementor-element-c37076f\" data-id=\"c37076f\" data-element_type=\"column\" data-e-type=\"column\">\n\t\t\t<div class=\"elementor-widget-wrap elementor-element-populated\">\n\t\t\t\t\t\t<div class=\"elementor-element elementor-element-70b5d7a elementor-widget elementor-widget-spacer\" data-id=\"70b5d7a\" data-element_type=\"widget\" data-e-type=\"widget\" data-widget_type=\"spacer.default\">\n\t\t\t\t<div class=\"elementor-widget-container\">\n\t\t\t\t\t\t\t<div class=\"elementor-spacer\">\n\t\t\t<div class=\"elementor-spacer-inner\"><\/div>\n\t\t<\/div>\n\t\t\t\t\t\t<\/div>\n\t\t\t\t<\/div>\n\t\t\t\t<div class=\"elementor-element elementor-element-b266ed5 elementor-widget elementor-widget-image\" data-id=\"b266ed5\" data-element_type=\"widget\" data-e-type=\"widget\" data-widget_type=\"image.default\">\n\t\t\t\t<div class=\"elementor-widget-container\">\n\t\t\t\t\t\t\t\t\t\t\t\t\t\t\t<img decoding=\"async\" width=\"200\" height=\"200\" src=\"https:\/\/andreinipiante.it\/wp-content\/uploads\/2023\/08\/iso14001.png\" class=\"attachment-large size-large wp-image-104\" alt=\"iso14001\" srcset=\"https:\/\/andreinipiante.it\/wp-content\/uploads\/2023\/08\/iso14001.png 200w, https:\/\/andreinipiante.it\/wp-content\/uploads\/2023\/08\/iso14001-100x100.png 100w, https:\/\/andreinipiante.it\/wp-content\/uploads\/2023\/08\/iso14001-150x150.png 150w\" sizes=\"(max-width: 200px) 100vw, 200px\" \/>\t\t\t\t\t\t\t\t\t\t\t\t\t\t\t<\/div>\n\t\t\t\t<\/div>\n\t\t\t\t<div class=\"elementor-element elementor-element-56a0e46 elementor-align-center elementor-mobile-align-center animated-slow elementor-invisible elementor-widget elementor-widget-button\" data-id=\"56a0e46\" data-element_type=\"widget\" data-e-type=\"widget\" data-settings=\"{&quot;_animation&quot;:&quot;fadeInLeft&quot;,&quot;_animation_delay&quot;:900}\" data-widget_type=\"button.default\">\n\t\t\t\t<div class=\"elementor-widget-container\">\n\t\t\t\t\t\t\t\t\t<div class=\"elementor-button-wrapper\">\n\t\t\t\t\t<a class=\"elementor-button elementor-button-link elementor-size-sm\" href=\"https:\/\/andreinipiante.it\/wp-content\/uploads\/2023\/08\/sqs14001.pdf\">\n\t\t\t\t\t\t<span class=\"elementor-button-content-wrapper\">\n\t\t\t\t\t\t\t\t\t<span class=\"elementor-button-text\">Das Zertifikat zeigt<\/span>\n\t\t\t\t\t<\/span>\n\t\t\t\t\t<\/a>\n\t\t\t\t<\/div>\n\t\t\t\t\t\t\t\t<\/div>\n\t\t\t\t<\/div>\n\t\t\t\t<div class=\"elementor-element elementor-element-1ee46a2 elementor-widget elementor-widget-spacer\" data-id=\"1ee46a2\" data-element_type=\"widget\" data-e-type=\"widget\" data-widget_type=\"spacer.default\">\n\t\t\t\t<div class=\"elementor-widget-container\">\n\t\t\t\t\t\t\t<div class=\"elementor-spacer\">\n\t\t\t<div class=\"elementor-spacer-inner\"><\/div>\n\t\t<\/div>\n\t\t\t\t\t\t<\/div>\n\t\t\t\t<\/div>\n\t\t\t\t<div class=\"elementor-element elementor-element-a514a84 elementor-widget elementor-widget-image\" data-id=\"a514a84\" data-element_type=\"widget\" data-e-type=\"widget\" data-widget_type=\"image.default\">\n\t\t\t\t<div class=\"elementor-widget-container\">\n\t\t\t\t\t\t\t\t\t\t\t\t\t\t\t<img decoding=\"async\" width=\"200\" height=\"200\" src=\"https:\/\/andreinipiante.it\/wp-content\/uploads\/2023\/08\/isoiqnet.png\" class=\"attachment-large size-large wp-image-105\" alt=\"isoiqnet\" srcset=\"https:\/\/andreinipiante.it\/wp-content\/uploads\/2023\/08\/isoiqnet.png 200w, https:\/\/andreinipiante.it\/wp-content\/uploads\/2023\/08\/isoiqnet-100x100.png 100w, https:\/\/andreinipiante.it\/wp-content\/uploads\/2023\/08\/isoiqnet-150x150.png 150w\" sizes=\"(max-width: 200px) 100vw, 200px\" \/>\t\t\t\t\t\t\t\t\t\t\t\t\t\t\t<\/div>\n\t\t\t\t<\/div>\n\t\t\t\t<div class=\"elementor-element elementor-element-df0b361 elementor-align-center elementor-mobile-align-center animated-slow elementor-invisible elementor-widget elementor-widget-button\" data-id=\"df0b361\" data-element_type=\"widget\" data-e-type=\"widget\" data-settings=\"{&quot;_animation&quot;:&quot;fadeInLeft&quot;,&quot;_animation_delay&quot;:900}\" data-widget_type=\"button.default\">\n\t\t\t\t<div class=\"elementor-widget-container\">\n\t\t\t\t\t\t\t\t\t<div class=\"elementor-button-wrapper\">\n\t\t\t\t\t<a class=\"elementor-button elementor-button-link elementor-size-sm\" href=\"https:\/\/andreinipiante.it\/wp-content\/uploads\/2023\/08\/iqnet.pdf\">\n\t\t\t\t\t\t<span class=\"elementor-button-content-wrapper\">\n\t\t\t\t\t\t\t\t\t<span class=\"elementor-button-text\">Das Zertifikat zeigt<\/span>\n\t\t\t\t\t<\/span>\n\t\t\t\t\t<\/a>\n\t\t\t\t<\/div>\n\t\t\t\t\t\t\t\t<\/div>\n\t\t\t\t<\/div>\n\t\t\t\t\t<\/div>\n\t\t<\/div>\n\t\t\t\t<div class=\"elementor-column elementor-col-50 elementor-top-column elementor-element elementor-element-2b16acc\" data-id=\"2b16acc\" data-element_type=\"column\" data-e-type=\"column\">\n\t\t\t<div class=\"elementor-widget-wrap elementor-element-populated\">\n\t\t\t\t\t\t<div class=\"elementor-element elementor-element-5e94f05 animated-slow elementor-invisible elementor-widget elementor-widget-heading\" data-id=\"5e94f05\" data-element_type=\"widget\" data-e-type=\"widget\" data-settings=\"{&quot;_animation&quot;:&quot;fadeIn&quot;,&quot;_animation_delay&quot;:500}\" data-widget_type=\"heading.default\">\n\t\t\t\t<div class=\"elementor-widget-container\">\n\t\t\t\t\t<h2 class=\"elementor-heading-title elementor-size-default\">Umwelt-Management-system\n<\/h2>\t\t\t\t<\/div>\n\t\t\t\t<\/div>\n\t\t\t\t<div class=\"elementor-element elementor-element-51dae49 elementor-widget elementor-widget-text-editor\" data-id=\"51dae49\" data-element_type=\"widget\" data-e-type=\"widget\" data-widget_type=\"text-editor.default\">\n\t\t\t\t<div class=\"elementor-widget-container\">\n\t\t\t\t\t\t\t\t\t<p>Der eingeschlagene weg von unserer firma ist die verwaltung eigenen baumschule mit einem deutlichen schwerpunkt auf der umwelt mit der vereinbarkeit von nachhaltigkeit und wirtschaftliche faktoren, die nachhaltigkeit zu f\u00f6rdern eine entwicklung, umwelt.<br \/>Unser wichtigstes ziel ist, dann wachsen die pflanzen sch\u00f6n und stark im umweltschutz, gemeinschaft und alle beteiligten.<br \/>Im hinblick auf eine nachhaltige entwicklung und eine immer gr\u00f6\u00dfere aufmerksamkeit f\u00fcr die umwelt, halten wir es f\u00fcr angebracht die einf\u00fchrung und anwendung eines umweltmanagementsystems erf\u00fcllt die anforderungen der norm\u00a0<strong>UNI EN ISO 14001<\/strong>. Dies erm\u00f6glicht es uns, unter kontrolle zu halten unsere wesentlichen umweltaspekte und umsetzung von zielen zur verbesserung der selbst, wie z.b.:<br \/><strong>\u2022 Pflanzenpflege - \u2013 D\u00fcnger \u2013 Wasser \u2013 Energie \u2013 Abfall<\/strong><br \/>Wir haben beschlossen, wenden sie sich an eine zertifizierungsstelle\u00a0<strong>Schweizer<\/strong>,, die allgemein anerkannt ist und in der ersten reihe bei den themen umweltschutz und mit mehr als der h\u00e4lfte aller unternehmen in der schweiz zertifiziert.<br \/><strong>SQS<\/strong>\u00a0\u2013 Qualit\u00e4t, die wirklich z\u00e4hlt \u2013 strebt eine nachhaltige entwicklung an und verpflichtet sich, betrachten wir die aspekte der \u00f6konomischen, \u00f6kologischen und sozialen mit einem ausgewogenen ansatz.<\/p><p><strong><br \/><br \/><\/strong><\/p><p><strong>Ziele:<\/strong><\/p><ul><li>erh\u00f6hen sie die rate f\u00fcr die verwertung von abwasser bew\u00e4sserten;<\/li><li>Konstante \u00fcberwachung der ressourcennutzung in den verschiedenen produktionsprozessen;<\/li><li>Stimulieren, angestellten, mitarbeiter, kunden und lieferanten zu haben, erh\u00f6hte sensibilit\u00e4t f\u00fcr umweltfragen;<\/li><li>Ein konstantes engagement bei der verringerung der menge der verwendeten chemikalien.<\/li><li>Reduzierung der kunstd\u00fcnger-synthese verwendet, um die pflanzen im freiland, f\u00fcr organische d\u00fcngemittel.<\/li><\/ul>\t\t\t\t\t\t\t\t<\/div>\n\t\t\t\t<\/div>\n\t\t\t\t\t<\/div>\n\t\t<\/div>\n\t\t\t\t\t<\/div>\n\t\t<\/section>\n\t\t\t\t<\/div>","protected":false},"excerpt":{"rendered":"<p>Visualizza il Certificato Visualizza il Certificato Sistema di Gestione Ambientale La strada intrapresa dalla nostra azienda \u00e8 quella di gestire il proprio vivaio con una marcata attenzione all&#8217;ambiente conciliando fattori di sostenibilit\u00e0 economica e fattori di sostenibilit\u00e0 ambientale, favorendo uno sviluppo ecocompatibile.Il nostro obiettivo prioritario \u00e8 quindi\u00a0 far crescere piante belle e forti nel rispetto [&hellip;]<\/p>\n","protected":false},"author":1,"featured_media":0,"parent":0,"menu_order":0,"comment_status":"closed","ping_status":"closed","template":"","meta":{"footnotes":""},"class_list":["post-110","page","type-page","status-publish","hentry"],"acf":[],"yoast_head":"<!-- This site is optimized with the Yoast SEO plugin v27.3 - https:\/\/yoast.com\/product\/yoast-seo-wordpress\/ -->\n<title>Certificazioni - Andreini Piante<\/title>\n<meta name=\"robots\" content=\"index, follow, max-snippet:-1, max-image-preview:large, max-video-preview:-1\" \/>\n<link rel=\"canonical\" href=\"https:\/\/andreinipiante.it\/de\/certificazioni\/\" \/>\n<meta property=\"og:locale\" content=\"de_DE\" \/>\n<meta property=\"og:type\" content=\"article\" \/>\n<meta property=\"og:title\" content=\"Certificazioni - Andreini Piante\" \/>\n<meta property=\"og:description\" content=\"Visualizza il Certificato Visualizza il Certificato Sistema di Gestione Ambientale La strada intrapresa dalla nostra azienda \u00e8 quella di gestire il proprio vivaio con una marcata attenzione all&#8217;ambiente conciliando fattori di sostenibilit\u00e0 economica e fattori di sostenibilit\u00e0 ambientale, favorendo uno sviluppo ecocompatibile.Il nostro obiettivo prioritario \u00e8 quindi\u00a0 far crescere piante belle e forti nel rispetto [&hellip;]\" \/>\n<meta property=\"og:url\" content=\"https:\/\/andreinipiante.it\/de\/certificazioni\/\" \/>\n<meta property=\"og:site_name\" content=\"Andreini Piante\" \/>\n<meta property=\"article:modified_time\" content=\"2023-09-18T09:14:18+00:00\" \/>\n<meta property=\"og:image\" content=\"https:\/\/andreinipiante.it\/wp-content\/uploads\/2023\/08\/iso14001.png\" \/>\n<meta name=\"twitter:card\" content=\"summary_large_image\" \/>\n<meta name=\"twitter:label1\" content=\"Gesch\u00e4tzte Lesezeit\" \/>\n\t<meta name=\"twitter:data1\" content=\"2\u00a0Minuten\" \/>\n<script type=\"application\/ld+json\" class=\"yoast-schema-graph\">{\"@context\":\"https:\\\/\\\/schema.org\",\"@graph\":[{\"@type\":\"WebPage\",\"@id\":\"https:\\\/\\\/andreinipiante.it\\\/certificazioni\\\/\",\"url\":\"https:\\\/\\\/andreinipiante.it\\\/certificazioni\\\/\",\"name\":\"Certificazioni - Andreini Piante\",\"isPartOf\":{\"@id\":\"https:\\\/\\\/andreinipiante.it\\\/#website\"},\"primaryImageOfPage\":{\"@id\":\"https:\\\/\\\/andreinipiante.it\\\/certificazioni\\\/#primaryimage\"},\"image\":{\"@id\":\"https:\\\/\\\/andreinipiante.it\\\/certificazioni\\\/#primaryimage\"},\"thumbnailUrl\":\"https:\\\/\\\/andreinipiante.it\\\/wp-content\\\/uploads\\\/2023\\\/08\\\/iso14001.png\",\"datePublished\":\"2023-08-24T08:30:41+00:00\",\"dateModified\":\"2023-09-18T09:14:18+00:00\",\"breadcrumb\":{\"@id\":\"https:\\\/\\\/andreinipiante.it\\\/certificazioni\\\/#breadcrumb\"},\"inLanguage\":\"de\",\"potentialAction\":[{\"@type\":\"ReadAction\",\"target\":[\"https:\\\/\\\/andreinipiante.it\\\/certificazioni\\\/\"]}]},{\"@type\":\"ImageObject\",\"inLanguage\":\"de\",\"@id\":\"https:\\\/\\\/andreinipiante.it\\\/certificazioni\\\/#primaryimage\",\"url\":\"https:\\\/\\\/andreinipiante.it\\\/wp-content\\\/uploads\\\/2023\\\/08\\\/iso14001.png\",\"contentUrl\":\"https:\\\/\\\/andreinipiante.it\\\/wp-content\\\/uploads\\\/2023\\\/08\\\/iso14001.png\"},{\"@type\":\"BreadcrumbList\",\"@id\":\"https:\\\/\\\/andreinipiante.it\\\/certificazioni\\\/#breadcrumb\",\"itemListElement\":[{\"@type\":\"ListItem\",\"position\":1,\"name\":\"Home\",\"item\":\"https:\\\/\\\/andreinipiante.it\\\/\"},{\"@type\":\"ListItem\",\"position\":2,\"name\":\"Certificazioni\"}]},{\"@type\":\"WebSite\",\"@id\":\"https:\\\/\\\/andreinipiante.it\\\/#website\",\"url\":\"https:\\\/\\\/andreinipiante.it\\\/\",\"name\":\"Andreini Piante\",\"description\":\"\",\"potentialAction\":[{\"@type\":\"SearchAction\",\"target\":{\"@type\":\"EntryPoint\",\"urlTemplate\":\"https:\\\/\\\/andreinipiante.it\\\/?s={search_term_string}\"},\"query-input\":{\"@type\":\"PropertyValueSpecification\",\"valueRequired\":true,\"valueName\":\"search_term_string\"}}],\"inLanguage\":\"de\"}]}<\/script>\n<!-- \/ Yoast SEO plugin. -->","yoast_head_json":{"title":"Certificazioni - Andreini Piante","robots":{"index":"index","follow":"follow","max-snippet":"max-snippet:-1","max-image-preview":"max-image-preview:large","max-video-preview":"max-video-preview:-1"},"canonical":"https:\/\/andreinipiante.it\/de\/certificazioni\/","og_locale":"de_DE","og_type":"article","og_title":"Certificazioni - Andreini Piante","og_description":"Visualizza il Certificato Visualizza il Certificato Sistema di Gestione Ambientale La strada intrapresa dalla nostra azienda \u00e8 quella di gestire il proprio vivaio con una marcata attenzione all&#8217;ambiente conciliando fattori di sostenibilit\u00e0 economica e fattori di sostenibilit\u00e0 ambientale, favorendo uno sviluppo ecocompatibile.Il nostro obiettivo prioritario \u00e8 quindi\u00a0 far crescere piante belle e forti nel rispetto [&hellip;]","og_url":"https:\/\/andreinipiante.it\/de\/certificazioni\/","og_site_name":"Andreini Piante","article_modified_time":"2023-09-18T09:14:18+00:00","og_image":[{"url":"https:\/\/andreinipiante.it\/wp-content\/uploads\/2023\/08\/iso14001.png","type":"","width":"","height":""}],"twitter_card":"summary_large_image","twitter_misc":{"Gesch\u00e4tzte Lesezeit":"2\u00a0Minuten"},"schema":{"@context":"https:\/\/schema.org","@graph":[{"@type":"WebPage","@id":"https:\/\/andreinipiante.it\/certificazioni\/","url":"https:\/\/andreinipiante.it\/certificazioni\/","name":"Certificazioni - Andreini Piante","isPartOf":{"@id":"https:\/\/andreinipiante.it\/#website"},"primaryImageOfPage":{"@id":"https:\/\/andreinipiante.it\/certificazioni\/#primaryimage"},"image":{"@id":"https:\/\/andreinipiante.it\/certificazioni\/#primaryimage"},"thumbnailUrl":"https:\/\/andreinipiante.it\/wp-content\/uploads\/2023\/08\/iso14001.png","datePublished":"2023-08-24T08:30:41+00:00","dateModified":"2023-09-18T09:14:18+00:00","breadcrumb":{"@id":"https:\/\/andreinipiante.it\/certificazioni\/#breadcrumb"},"inLanguage":"de","potentialAction":[{"@type":"ReadAction","target":["https:\/\/andreinipiante.it\/certificazioni\/"]}]},{"@type":"ImageObject","inLanguage":"de","@id":"https:\/\/andreinipiante.it\/certificazioni\/#primaryimage","url":"https:\/\/andreinipiante.it\/wp-content\/uploads\/2023\/08\/iso14001.png","contentUrl":"https:\/\/andreinipiante.it\/wp-content\/uploads\/2023\/08\/iso14001.png"},{"@type":"BreadcrumbList","@id":"https:\/\/andreinipiante.it\/certificazioni\/#breadcrumb","itemListElement":[{"@type":"ListItem","position":1,"name":"Home","item":"https:\/\/andreinipiante.it\/"},{"@type":"ListItem","position":2,"name":"Certificazioni"}]},{"@type":"WebSite","@id":"https:\/\/andreinipiante.it\/#website","url":"https:\/\/andreinipiante.it\/","name":"Andreini Piante","description":"","potentialAction":[{"@type":"SearchAction","target":{"@type":"EntryPoint","urlTemplate":"https:\/\/andreinipiante.it\/?s={search_term_string}"},"query-input":{"@type":"PropertyValueSpecification","valueRequired":true,"valueName":"search_term_string"}}],"inLanguage":"de"}]}},"_links":{"self":[{"href":"https:\/\/andreinipiante.it\/de\/wp-json\/wp\/v2\/pages\/110","targetHints":{"allow":["GET"]}}],"collection":[{"href":"https:\/\/andreinipiante.it\/de\/wp-json\/wp\/v2\/pages"}],"about":[{"href":"https:\/\/andreinipiante.it\/de\/wp-json\/wp\/v2\/types\/page"}],"author":[{"embeddable":true,"href":"https:\/\/andreinipiante.it\/de\/wp-json\/wp\/v2\/users\/1"}],"replies":[{"embeddable":true,"href":"https:\/\/andreinipiante.it\/de\/wp-json\/wp\/v2\/comments?post=110"}],"version-history":[{"count":0,"href":"https:\/\/andreinipiante.it\/de\/wp-json\/wp\/v2\/pages\/110\/revisions"}],"wp:attachment":[{"href":"https:\/\/andreinipiante.it\/de\/wp-json\/wp\/v2\/media?parent=110"}],"curies":[{"name":"wp","href":"https:\/\/api.w.org\/{rel}","templated":true}]}}