{"id":2998,"date":"2024-07-31T16:55:39","date_gmt":"2024-07-31T14:55:39","guid":{"rendered":"https:\/\/andreinipiante.it\/?page_id=2998"},"modified":"2024-08-01T16:51:54","modified_gmt":"2024-08-01T14:51:54","slug":"pid","status":"publish","type":"page","link":"https:\/\/andreinipiante.it\/de\/pid\/","title":{"rendered":"PID"},"content":{"rendered":"<div data-elementor-type=\"wp-page\" data-elementor-id=\"2998\" class=\"elementor elementor-2998\" data-elementor-post-type=\"page\">\n\t\t\t\t\t\t<section class=\"elementor-section elementor-top-section elementor-element elementor-element-759bbb6 elementor-section-boxed elementor-section-height-default elementor-section-height-default\" data-id=\"759bbb6\" data-element_type=\"section\" data-e-type=\"section\">\n\t\t\t\t\t\t<div class=\"elementor-container elementor-column-gap-default\">\n\t\t\t\t\t<div class=\"elementor-column elementor-col-100 elementor-top-column elementor-element elementor-element-8f9ce8b\" data-id=\"8f9ce8b\" data-element_type=\"column\" data-e-type=\"column\">\n\t\t\t<div class=\"elementor-widget-wrap elementor-element-populated\">\n\t\t\t\t\t\t<div class=\"elementor-element elementor-element-f1b7673 elementor-widget elementor-widget-image\" data-id=\"f1b7673\" data-element_type=\"widget\" data-e-type=\"widget\" data-widget_type=\"image.default\">\n\t\t\t\t<div class=\"elementor-widget-container\">\n\t\t\t\t\t\t\t\t\t\t\t\t\t\t\t\t<a href=\"https:\/\/andreinipiante.it\/wp-content\/uploads\/2024\/08\/POSTER-Andreini_30_07_2024_17_18_48_page-0001-scaled.jpg\" data-elementor-open-lightbox=\"yes\" data-elementor-lightbox-title=\"POSTER Andreini page-\" data-elementor-lightbox-description=\"POSTER Andreini page-\" data-e-action-hash=\"#elementor-action%3Aaction%3Dlightbox%26settings%3DeyJpZCI6MzAxMywidXJsIjoiaHR0cHM6XC9cL2FuZHJlaW5pcGlhbnRlLml0XC93cC1jb250ZW50XC91cGxvYWRzXC8yMDI0XC8wOFwvUE9TVEVSLUFuZHJlaW5pXzMwXzA3XzIwMjRfMTdfMThfNDhfcGFnZS0wMDAxLXNjYWxlZC5qcGcifQ%3D%3D\">\n\t\t\t\t\t\t\t<img fetchpriority=\"high\" decoding=\"async\" width=\"800\" height=\"578\" src=\"https:\/\/andreinipiante.it\/wp-content\/uploads\/2024\/08\/POSTER-Andreini_30_07_2024_17_18_48_page-0001-1024x740.jpg\" class=\"attachment-large size-large wp-image-3013\" alt=\"POSTER Andreini page-\" srcset=\"https:\/\/andreinipiante.it\/wp-content\/uploads\/2024\/08\/POSTER-Andreini_30_07_2024_17_18_48_page-0001-1024x740.jpg 1024w, https:\/\/andreinipiante.it\/wp-content\/uploads\/2024\/08\/POSTER-Andreini_30_07_2024_17_18_48_page-0001-300x217.jpg 300w, https:\/\/andreinipiante.it\/wp-content\/uploads\/2024\/08\/POSTER-Andreini_30_07_2024_17_18_48_page-0001-768x555.jpg 768w, https:\/\/andreinipiante.it\/wp-content\/uploads\/2024\/08\/POSTER-Andreini_30_07_2024_17_18_48_page-0001-1536x1110.jpg 1536w, https:\/\/andreinipiante.it\/wp-content\/uploads\/2024\/08\/POSTER-Andreini_30_07_2024_17_18_48_page-0001-2048x1480.jpg 2048w, https:\/\/andreinipiante.it\/wp-content\/uploads\/2024\/08\/POSTER-Andreini_30_07_2024_17_18_48_page-0001-18x12.jpg 18w, https:\/\/andreinipiante.it\/wp-content\/uploads\/2024\/08\/POSTER-Andreini_30_07_2024_17_18_48_page-0001-600x434.jpg 600w\" sizes=\"(max-width: 800px) 100vw, 800px\" \/>\t\t\t\t\t\t\t\t<\/a>\n\t\t\t\t\t\t\t\t\t\t\t\t\t\t\t<\/div>\n\t\t\t\t<\/div>\n\t\t\t\t<div class=\"elementor-element elementor-element-b95bf5b elementor-widget elementor-widget-text-editor\" data-id=\"b95bf5b\" data-element_type=\"widget\" data-e-type=\"widget\" data-widget_type=\"text-editor.default\">\n\t\t\t\t<div class=\"elementor-widget-container\">\n\t\t\t\t\t\t\t\t\t<h2 class=\"p1\"><b>PID-Progetto Integrato di Distretto \u201cVivaismo per un futuro sostenibile\u201d<\/b><\/h2><p class=\"p1\"><b>A) Sintetica descrizione del progetto<span class=\"Apple-converted-space\">\u00a0 \u00a0<\/span><\/b><\/p><p class=\"p1\">Il progetto, che ha per capofila l\u2019Associazione Vivaisti Italiani quale soggetto referente del Distretto Vivaistico Ornamentale di Pistoia, ha inteso perseguire le seguenti linee di azione:<\/p><p class=\"p1\">1) innovazione di processo finalizzata all\u2019ammodernamento delle aziende e delle tecniche di produzione, al miglioramento quali-quantitativo della medesima, all\u2019economicit\u00e0 e redditivit\u00e0 della gestione soprattutto per le aziende pi\u00f9 piccole;<\/p><p class=\"p1\">2) miglioramento delle modalit\u00e0 di commercializzazione e la valorizzazione del prodotto, per aumentare la penetrazione su un mercato ormai divenuto globale e vincere la concorrenza degli altri poli produttivi italiani ed europei;<\/p><p class=\"p1\">3) adozione di tecniche di produzione a basso impatto ambientale ed in particolare le risultanze del progetto AUTOFITOVIV, gi\u00e0 finanziato nell\u2019ambito del PSR e coordinato dalla capofila Associazione Vivaisti Italiani, al fine di rendere sempre pi\u00f9 \u201cgreen\u201d le aziende vivaistiche che operano nel distretto;<\/p><p class=\"p1\">4) coinvolgimento nel progetto di tutte le componenti del distretto e quindi i produttori primari (grandi, medie e piccole imprese), gli Enti Pubblici territoriali, le organizzazioni professionali e sindacali, l\u2019indotto, gli organismi deputati alla ricerca e tutti gli altri portatori di interesse.<\/p><p class=\"p1\">Nella filiera sono state coinvolte le fasi della produzione primaria vera e propria, della trasformazione (ivi comprendendo le attivit\u00e0 di magazzinaggio e confezionamento preliminare alla vendita) e della commercializzazione (con particolare riferimento alla logistica). In totale sono stati coinvolti 126 soggetti. Tutti i partecipanti, diretti ed indiretti, al PID, hanno sottoscritto un accordo di distretto: tale documento ha avuto lo scopo di regolare i rapporti fra i partecipanti che operano sul territorio \u201cdistrettuale\u201d e individuano, oltre al soggetto proponente, gli obiettivi, le azioni, gli investimenti, la tempistica, i risultati e gli obblighi reciproci. I principali risultati dell\u2019accordo sono stati:<\/p><p class=\"p1\">&#8211; rafforzamento delle imprese vivaistiche aderenti sia come partecipanti diretti che indiretti, con ottimizzazione dei fattori della produzione ed innovazione di processo;<\/p><p class=\"p1\">&#8211; aumento quali-quantitativo della produzione per sostenere la fase positiva di crescita della domanda di piante ornamentali a livello globale, dopo il superamento della fase di crisi congiunturale;<\/p><p class=\"p1\">&#8211; potenziamento del distretto vivaistico nel suo insieme, attraverso una cornice di coordinamento tra imprese vivaistiche leader di settore ma storicamente in competizione fra loro, capaci con il progetto di creare nuove alleanze produttive e soprattutto superare l\u2019impostazione di mercato basata quasi esclusivamente sulla concorrenzialit\u00e0 a livello di prezzo e sulla diversificazione dell\u2019offerta dei prodotti;<\/p><p class=\"p1\">&#8211; valorizzazione del ruolo dell\u2019associazionismo tra produttori nella pi\u00f9 ampia cornice delle politiche e degli strumenti di sostegno agli investimenti e per l\u2019ammodernamento delle aziende agricole;<\/p><p class=\"p1\">&#8211; la riduzione dell\u2019impatto dei processi produttivi sull\u2019agroecosistema, per fare divenire tutte le aziende aderenti al progetto \u201cvirtuose\u201d con l\u2019adozione massiva di \u201cbuone pratiche\u201d.<\/p><p class=\"p1\"><b>B) I numeri del progetto<\/b><\/p><p class=\"p1\">Aziende agricole partecipanti dirette: n\u00b0 39<\/p><p class=\"p1\">Aziende agricole partecipanti indirette: n\u00b0 43<\/p><p class=\"p1\">Soggetti totali coinvolti: n\u00b0 126<\/p><p class=\"p1\">Quantitativo di prodotto previsto nell\u2019accordo di filiera su base media annua:1.051.800 piante ornamentali<\/p><p class=\"p1\">Controvalore del prodotto su base media annua: 3.940.500 \u20ac<\/p><p class=\"p1\">Tipologia misure attivate: 4.1.3 \u2013 4.1.5 \u2013 4.2.1 PSR TOSCANA<\/p><p class=\"p1\">Investimenti complessivi: 11.664.142,12 \u20ac<\/p><p class=\"p1\">Contributo pubblico richiesto: 4.525.096,85<\/p>\t\t\t\t\t\t\t\t<\/div>\n\t\t\t\t<\/div>\n\t\t\t\t\t<\/div>\n\t\t<\/div>\n\t\t\t\t\t<\/div>\n\t\t<\/section>\n\t\t\t\t<\/div>","protected":false},"excerpt":{"rendered":"<p>PID-Progetto Integrato di Distretto \u201cVivaismo per un futuro sostenibile\u201d A) Sintetica descrizione del progetto\u00a0 \u00a0 Il progetto, che ha per capofila l\u2019Associazione Vivaisti Italiani quale soggetto referente del Distretto Vivaistico Ornamentale di Pistoia, ha inteso perseguire le seguenti linee di azione: 1) innovazione di processo finalizzata all\u2019ammodernamento delle aziende e delle tecniche di produzione, al [&hellip;]<\/p>\n","protected":false},"author":1,"featured_media":0,"parent":0,"menu_order":0,"comment_status":"closed","ping_status":"closed","template":"","meta":{"footnotes":""},"class_list":["post-2998","page","type-page","status-publish","hentry"],"acf":[],"yoast_head":"<!-- This site is optimized with the Yoast SEO plugin v27.3 - https:\/\/yoast.com\/product\/yoast-seo-wordpress\/ -->\n<title>PID - Andreini Piante<\/title>\n<meta name=\"robots\" content=\"index, follow, max-snippet:-1, max-image-preview:large, max-video-preview:-1\" \/>\n<link rel=\"canonical\" href=\"https:\/\/andreinipiante.it\/de\/pid\/\" \/>\n<meta property=\"og:locale\" content=\"de_DE\" \/>\n<meta property=\"og:type\" content=\"article\" \/>\n<meta property=\"og:title\" content=\"PID - Andreini Piante\" \/>\n<meta property=\"og:description\" content=\"PID-Progetto Integrato di Distretto \u201cVivaismo per un futuro sostenibile\u201d A) Sintetica descrizione del progetto\u00a0 \u00a0 Il progetto, che ha per capofila l\u2019Associazione Vivaisti Italiani quale soggetto referente del Distretto Vivaistico Ornamentale di Pistoia, ha inteso perseguire le seguenti linee di azione: 1) innovazione di processo finalizzata all\u2019ammodernamento delle aziende e delle tecniche di produzione, al [&hellip;]\" \/>\n<meta property=\"og:url\" content=\"https:\/\/andreinipiante.it\/de\/pid\/\" \/>\n<meta property=\"og:site_name\" content=\"Andreini Piante\" \/>\n<meta property=\"article:modified_time\" content=\"2024-08-01T14:51:54+00:00\" \/>\n<meta property=\"og:image\" content=\"https:\/\/andreinipiante.it\/wp-content\/uploads\/2024\/08\/POSTER-Andreini_30_07_2024_17_18_48_page-0001-1024x740.jpg\" \/>\n<meta name=\"twitter:card\" content=\"summary_large_image\" \/>\n<meta name=\"twitter:label1\" content=\"Gesch\u00e4tzte Lesezeit\" \/>\n\t<meta name=\"twitter:data1\" content=\"3\u00a0Minuten\" \/>\n<script type=\"application\/ld+json\" class=\"yoast-schema-graph\">{\"@context\":\"https:\\\/\\\/schema.org\",\"@graph\":[{\"@type\":\"WebPage\",\"@id\":\"https:\\\/\\\/andreinipiante.it\\\/pid\\\/\",\"url\":\"https:\\\/\\\/andreinipiante.it\\\/pid\\\/\",\"name\":\"PID - Andreini Piante\",\"isPartOf\":{\"@id\":\"https:\\\/\\\/andreinipiante.it\\\/#website\"},\"primaryImageOfPage\":{\"@id\":\"https:\\\/\\\/andreinipiante.it\\\/pid\\\/#primaryimage\"},\"image\":{\"@id\":\"https:\\\/\\\/andreinipiante.it\\\/pid\\\/#primaryimage\"},\"thumbnailUrl\":\"https:\\\/\\\/andreinipiante.it\\\/wp-content\\\/uploads\\\/2024\\\/08\\\/POSTER-Andreini_30_07_2024_17_18_48_page-0001-1024x740.jpg\",\"datePublished\":\"2024-07-31T14:55:39+00:00\",\"dateModified\":\"2024-08-01T14:51:54+00:00\",\"breadcrumb\":{\"@id\":\"https:\\\/\\\/andreinipiante.it\\\/pid\\\/#breadcrumb\"},\"inLanguage\":\"de\",\"potentialAction\":[{\"@type\":\"ReadAction\",\"target\":[\"https:\\\/\\\/andreinipiante.it\\\/pid\\\/\"]}]},{\"@type\":\"ImageObject\",\"inLanguage\":\"de\",\"@id\":\"https:\\\/\\\/andreinipiante.it\\\/pid\\\/#primaryimage\",\"url\":\"https:\\\/\\\/andreinipiante.it\\\/wp-content\\\/uploads\\\/2024\\\/08\\\/POSTER-Andreini_30_07_2024_17_18_48_page-0001-1024x740.jpg\",\"contentUrl\":\"https:\\\/\\\/andreinipiante.it\\\/wp-content\\\/uploads\\\/2024\\\/08\\\/POSTER-Andreini_30_07_2024_17_18_48_page-0001-1024x740.jpg\"},{\"@type\":\"BreadcrumbList\",\"@id\":\"https:\\\/\\\/andreinipiante.it\\\/pid\\\/#breadcrumb\",\"itemListElement\":[{\"@type\":\"ListItem\",\"position\":1,\"name\":\"Home\",\"item\":\"https:\\\/\\\/andreinipiante.it\\\/\"},{\"@type\":\"ListItem\",\"position\":2,\"name\":\"PID\"}]},{\"@type\":\"WebSite\",\"@id\":\"https:\\\/\\\/andreinipiante.it\\\/#website\",\"url\":\"https:\\\/\\\/andreinipiante.it\\\/\",\"name\":\"Andreini Piante\",\"description\":\"\",\"potentialAction\":[{\"@type\":\"SearchAction\",\"target\":{\"@type\":\"EntryPoint\",\"urlTemplate\":\"https:\\\/\\\/andreinipiante.it\\\/?s={search_term_string}\"},\"query-input\":{\"@type\":\"PropertyValueSpecification\",\"valueRequired\":true,\"valueName\":\"search_term_string\"}}],\"inLanguage\":\"de\"}]}<\/script>\n<!-- \/ Yoast SEO plugin. -->","yoast_head_json":{"title":"PID - Andreini Piante","robots":{"index":"index","follow":"follow","max-snippet":"max-snippet:-1","max-image-preview":"max-image-preview:large","max-video-preview":"max-video-preview:-1"},"canonical":"https:\/\/andreinipiante.it\/de\/pid\/","og_locale":"de_DE","og_type":"article","og_title":"PID - Andreini Piante","og_description":"PID-Progetto Integrato di Distretto \u201cVivaismo per un futuro sostenibile\u201d A) Sintetica descrizione del progetto\u00a0 \u00a0 Il progetto, che ha per capofila l\u2019Associazione Vivaisti Italiani quale soggetto referente del Distretto Vivaistico Ornamentale di Pistoia, ha inteso perseguire le seguenti linee di azione: 1) innovazione di processo finalizzata all\u2019ammodernamento delle aziende e delle tecniche di produzione, al [&hellip;]","og_url":"https:\/\/andreinipiante.it\/de\/pid\/","og_site_name":"Andreini Piante","article_modified_time":"2024-08-01T14:51:54+00:00","og_image":[{"url":"https:\/\/andreinipiante.it\/wp-content\/uploads\/2024\/08\/POSTER-Andreini_30_07_2024_17_18_48_page-0001-1024x740.jpg","type":"","width":"","height":""}],"twitter_card":"summary_large_image","twitter_misc":{"Gesch\u00e4tzte Lesezeit":"3\u00a0Minuten"},"schema":{"@context":"https:\/\/schema.org","@graph":[{"@type":"WebPage","@id":"https:\/\/andreinipiante.it\/pid\/","url":"https:\/\/andreinipiante.it\/pid\/","name":"PID - Andreini Piante","isPartOf":{"@id":"https:\/\/andreinipiante.it\/#website"},"primaryImageOfPage":{"@id":"https:\/\/andreinipiante.it\/pid\/#primaryimage"},"image":{"@id":"https:\/\/andreinipiante.it\/pid\/#primaryimage"},"thumbnailUrl":"https:\/\/andreinipiante.it\/wp-content\/uploads\/2024\/08\/POSTER-Andreini_30_07_2024_17_18_48_page-0001-1024x740.jpg","datePublished":"2024-07-31T14:55:39+00:00","dateModified":"2024-08-01T14:51:54+00:00","breadcrumb":{"@id":"https:\/\/andreinipiante.it\/pid\/#breadcrumb"},"inLanguage":"de","potentialAction":[{"@type":"ReadAction","target":["https:\/\/andreinipiante.it\/pid\/"]}]},{"@type":"ImageObject","inLanguage":"de","@id":"https:\/\/andreinipiante.it\/pid\/#primaryimage","url":"https:\/\/andreinipiante.it\/wp-content\/uploads\/2024\/08\/POSTER-Andreini_30_07_2024_17_18_48_page-0001-1024x740.jpg","contentUrl":"https:\/\/andreinipiante.it\/wp-content\/uploads\/2024\/08\/POSTER-Andreini_30_07_2024_17_18_48_page-0001-1024x740.jpg"},{"@type":"BreadcrumbList","@id":"https:\/\/andreinipiante.it\/pid\/#breadcrumb","itemListElement":[{"@type":"ListItem","position":1,"name":"Home","item":"https:\/\/andreinipiante.it\/"},{"@type":"ListItem","position":2,"name":"PID"}]},{"@type":"WebSite","@id":"https:\/\/andreinipiante.it\/#website","url":"https:\/\/andreinipiante.it\/","name":"Andreini Piante","description":"","potentialAction":[{"@type":"SearchAction","target":{"@type":"EntryPoint","urlTemplate":"https:\/\/andreinipiante.it\/?s={search_term_string}"},"query-input":{"@type":"PropertyValueSpecification","valueRequired":true,"valueName":"search_term_string"}}],"inLanguage":"de"}]}},"_links":{"self":[{"href":"https:\/\/andreinipiante.it\/de\/wp-json\/wp\/v2\/pages\/2998","targetHints":{"allow":["GET"]}}],"collection":[{"href":"https:\/\/andreinipiante.it\/de\/wp-json\/wp\/v2\/pages"}],"about":[{"href":"https:\/\/andreinipiante.it\/de\/wp-json\/wp\/v2\/types\/page"}],"author":[{"embeddable":true,"href":"https:\/\/andreinipiante.it\/de\/wp-json\/wp\/v2\/users\/1"}],"replies":[{"embeddable":true,"href":"https:\/\/andreinipiante.it\/de\/wp-json\/wp\/v2\/comments?post=2998"}],"version-history":[{"count":14,"href":"https:\/\/andreinipiante.it\/de\/wp-json\/wp\/v2\/pages\/2998\/revisions"}],"predecessor-version":[{"id":3022,"href":"https:\/\/andreinipiante.it\/de\/wp-json\/wp\/v2\/pages\/2998\/revisions\/3022"}],"wp:attachment":[{"href":"https:\/\/andreinipiante.it\/de\/wp-json\/wp\/v2\/media?parent=2998"}],"curies":[{"name":"wp","href":"https:\/\/api.w.org\/{rel}","templated":true}]}}