{"id":3,"date":"2023-08-24T09:03:34","date_gmt":"2023-08-24T07:03:34","guid":{"rendered":"https:\/\/andreini.myvirtualab.it\/?page_id=3"},"modified":"2023-08-24T12:03:20","modified_gmt":"2023-08-24T10:03:20","slug":"privacy-policy","status":"publish","type":"page","link":"https:\/\/andreinipiante.it\/de\/privacy-policy\/","title":{"rendered":"Privacy Policy"},"content":{"rendered":"<h4 class=\"wp-block-heading\">Datenschutzerkl\u00e4rung<\/h4>\n\n\n\n<p>Die website andreinipiante.de ist eigentum von Andreini Pflanzen srl, inhaber der verarbeitung der pers\u00f6nlichen daten.<\/p>\n\n\n\n<p>Wir haben diese datenschutzerkl\u00e4rung, die bestimmt, wie die behandlung von informationen, die andreinipiante.de, \u00fcber die gr\u00fcnde f\u00fcr die erhebung bestimmter personenbezogener daten auf Sie beziehen. Daher muss lesen sie diese datenschutzrichtlinie, bevor sie die website nutzen andreinipiante.de.<\/p>\n\n\n\n<p>Wir behandeln Ihre pers\u00f6nlichen daten und garantieren die vertraulichkeit und datensicherheit.<\/p>\n\n\n\n<h4 class=\"wp-block-heading\">Sammlung von pers\u00f6nlichen informationen:<\/h4>\n\n\n\n<p>Beim besuch andreinipiante.de, erfassen wir automatisch bestimmte informationen zu ihrem ger\u00e4t, einschlie\u00dflich informationen zum webbrowser, IP-adresse, die zeitzone und die cookies auf dem ger\u00e4t installiert. Au\u00dferdem surfen auf der webseite erfassen wir informationen, die auf den webseiten oder die produkte angezeigt, webseiten oder suchbegriffe ein verweis auf die website und wie Sie mit der site interagiert. Wir bezeichnen diese automatisch gesammelte informationen als &#034;ger\u00e4teinformationen&#034;. Dar\u00fcber hinaus k\u00f6nnen wir personenbezogene daten erfassen, die uns zur verf\u00fcgung stellt (einschlie\u00dflich, ohne einschr\u00e4nkung name, vorname, anschrift, zahlungsdaten etc.), die w\u00e4hrend der registrierung zur erf\u00fcllung der vereinbarung.<\/p>\n\n\n\n<h4 class=\"wp-block-heading\">Warum verarbeiten wir daten?<\/h4>\n\n\n\n<p>Die sicherheit der daten der kunden ist unsere priorit\u00e4t, daher behandeln wir nur die daten, die der benutzer unbedingt erforderlich sind, um die internetseite zu verwalten. Automatisch gesammelte informationen werden nur verwendet, um zu identifizieren, m\u00f6gliche f\u00e4lle von missbrauch und feststellen, statistiken \u00fcber die nutzung der website. Diese statistischen daten sind nicht zusammengerechnet, so dass sie identifizieren einen bestimmten benutzer des systems.<\/p>\n\n\n\n<p>D\u00fcrfen sie die website besuchen, ohne informationen preiszugeben, \u00fcber die sie pers\u00f6nlich identifiziert werden. Wenn sie jedoch m\u00f6chten, verwenden sie einige der funktionen der website, oder m\u00f6chten sie einen newsletter oder um andere details indem sie ein formular ausf\u00fcllen, k\u00f6nnte uns personenbezogene daten wie e-mail, name, vorname, wohnort, organisation und telefonnummer. Sie k\u00f6nnen sich entscheiden, personenbezogene daten bereitzustellen, in diesem fall aber nicht zu, stehen ihnen einige funktionen der website. Zum beispiel, kann nicht erhalten sie unseren newsletter oder kontaktieren sie uns direkt von der website. Benutzer, die nicht wissen, welche informationen obligatorisch sind, k\u00f6nnen sich an uns wenden: info@andreinipiante.it.<\/p>\n\n\n\n<h4 class=\"wp-block-heading\">Ihre rechte:<\/h4>\n\n\n\n<p>Wenn sie ein einwohner der Europ\u00e4ischen Union, verf\u00fcgt \u00fcber folgende rechte an personenbezogenen daten:<\/p>\n\n\n\n<ul class=\"wp-block-list\">\n<li>Das recht, informiert zu werden.<\/li>\n\n\n\n<li>Das recht auf zugriff.<\/li>\n\n\n\n<li>Das recht zur bearbeitung.<\/li>\n\n\n\n<li>Das recht &#034;l\u00f6schen&#034;.<\/li>\n\n\n\n<li>Das recht, die einschr\u00e4nkung der verarbeitung.<\/li>\n\n\n\n<li>Das recht auf portabilit\u00e4t der daten.<\/li>\n\n\n\n<li>Das recht, einw\u00e4nde zu erheben.<\/li>\n\n\n\n<li>Das recht in bezug auf die entscheidung und profilierung automatisiert.<\/li>\n<\/ul>\n\n\n\n<p>Um diese rechte aus\u00fcben, kontaktieren sie uns bitte \u00fcber die kontaktdaten unten.<\/p>\n\n\n\n<p>Dar\u00fcber hinaus, wenn sie wohnsitz in der Europ\u00e4ischen Union, verarbeiten wir Ihre informationen, um vertr\u00e4ge mit Ihnen (zum beispiel, im falle der bestellung \u00fcber die website), oder entsprechen auf andere weise unsere berechtigten gesch\u00e4ftlichen interessen der oben genannten. Wieder, beachten sie, dass die informationen, die \u00fcbertragen werden k\u00f6nnen, au\u00dferhalb von Europa, einschlie\u00dflich Kanada und Den vereinigten Staaten.<\/p>\n\n\n\n<h4 class=\"wp-block-heading\">Links zu anderen websites:<\/h4>\n\n\n\n<p>Unsere website kann links zu anderen websites enthalten, die nicht verwaltet werden oder von uns kontrolliert werden. Beachten sie, dass wir sind nicht verantwortlich f\u00fcr die datenschutzbestimmungen anderer websites oder dritter. Bitte beachten sie, falls sie den standort verlassen, und lesen sie die erkl\u00e4rungen, die datenschutzbestimmungen jeder website, die m\u00f6glicherweise personenbezogene daten erfassen.<\/p>\n\n\n\n<h4 class=\"wp-block-heading\">Sicherheit informationen:<\/h4>\n\n\n\n<p>Wir sch\u00fctzen die informationen, die auf computer-server \u00fcberpr\u00fcft, eine sichere umgebung, gesch\u00fctzt durch zugriff, nutzung oder offenlegung. Wir schutzsysteme physische, technische und administrative angemessenen schutz gegen zugriff, verwendung, \u00e4nderung und offenlegung von pers\u00f6nlichen informationen in unserem besitz. Trotzdem kann keine \u00fcbertragung von daten \u00fcber das Internet oder ein drahtloses netzwerk kann vollst\u00e4ndig garantiert sicher.<\/p>\n\n\n\n<h4 class=\"wp-block-heading\">Rechtlicher hinweis:<\/h4>\n\n\n\n<p>Wir werden informationen erfasst, verwendet oder empfangen werden, wenn gesetzlich vorgeschrieben oder zul\u00e4ssig, wie f\u00fcr die einhaltung bestellungen von gerichten oder gerichtliche verfahren \u00e4hnlich, au\u00dfer in dem fall, wenn wir in gutem glauben sind, dass die offenlegung notwendig ist, um unsere rechte zu sch\u00fctzen, sch\u00fctzen sie Ihre sicherheit oder die sicherheit anderer, untersuchen betrug oder reagieren auf anfragen der regierung.<\/p>\n\n\n\n<h4 class=\"wp-block-heading\">Kontakt-informationen:<\/h4>\n\n\n\n<p>F\u00fcr alle fragen im zusammenhang mit dem rechte des einzelnen oder f\u00fcr pers\u00f6nliche informationen, schicken sie uns bitte eine e-mail an info@andreinipiante.it.<\/p>","protected":false},"excerpt":{"rendered":"<p>Politica sulla riservatezza Il sito andreinipiante.it \u00e8 di propriet\u00e0 di Andreini Piante srl, titolare del trattamento dei Suoi dati personali. Abbiamo adottato questa politica sulla privacy, la quale determina il trattamento delle informazioni raccolte da andreinipiante.it, oltre che i motivi per raccolta di certi dati personali a Lei correlati. Pertanto, deve leggere questa politica sulla [&hellip;]<\/p>\n","protected":false},"author":1,"featured_media":0,"parent":0,"menu_order":0,"comment_status":"closed","ping_status":"closed","template":"","meta":{"footnotes":""},"class_list":["post-3","page","type-page","status-publish","hentry"],"acf":[],"yoast_head":"<!-- This site is optimized with the Yoast SEO plugin v27.6 - https:\/\/yoast.com\/product\/yoast-seo-wordpress\/ -->\n<title>Privacy Policy - Andreini Piante<\/title>\n<meta name=\"robots\" content=\"index, follow, max-snippet:-1, max-image-preview:large, max-video-preview:-1\" \/>\n<link rel=\"canonical\" href=\"https:\/\/andreinipiante.it\/de\/privacy-policy\/\" \/>\n<meta property=\"og:locale\" content=\"de_DE\" \/>\n<meta property=\"og:type\" content=\"article\" \/>\n<meta property=\"og:title\" content=\"Privacy Policy - Andreini Piante\" \/>\n<meta property=\"og:description\" content=\"Politica sulla riservatezza Il sito andreinipiante.it \u00e8 di propriet\u00e0 di Andreini Piante srl, titolare del trattamento dei Suoi dati personali. Abbiamo adottato questa politica sulla privacy, la quale determina il trattamento delle informazioni raccolte da andreinipiante.it, oltre che i motivi per raccolta di certi dati personali a Lei correlati. Pertanto, deve leggere questa politica sulla [&hellip;]\" \/>\n<meta property=\"og:url\" content=\"https:\/\/andreinipiante.it\/de\/privacy-policy\/\" \/>\n<meta property=\"og:site_name\" content=\"Andreini Piante\" \/>\n<meta property=\"article:modified_time\" content=\"2023-08-24T10:03:20+00:00\" \/>\n<meta name=\"twitter:card\" content=\"summary_large_image\" \/>\n<meta name=\"twitter:label1\" content=\"Gesch\u00e4tzte Lesezeit\" \/>\n\t<meta name=\"twitter:data1\" content=\"4\u00a0Minuten\" \/>\n<script type=\"application\/ld+json\" class=\"yoast-schema-graph\">{\"@context\":\"https:\\\/\\\/schema.org\",\"@graph\":[{\"@type\":\"WebPage\",\"@id\":\"https:\\\/\\\/andreinipiante.it\\\/privacy-policy\\\/\",\"url\":\"https:\\\/\\\/andreinipiante.it\\\/privacy-policy\\\/\",\"name\":\"Privacy Policy - Andreini Piante\",\"isPartOf\":{\"@id\":\"https:\\\/\\\/andreinipiante.it\\\/#website\"},\"datePublished\":\"2023-08-24T07:03:34+00:00\",\"dateModified\":\"2023-08-24T10:03:20+00:00\",\"breadcrumb\":{\"@id\":\"https:\\\/\\\/andreinipiante.it\\\/privacy-policy\\\/#breadcrumb\"},\"inLanguage\":\"de\",\"potentialAction\":[{\"@type\":\"ReadAction\",\"target\":[\"https:\\\/\\\/andreinipiante.it\\\/privacy-policy\\\/\"]}]},{\"@type\":\"BreadcrumbList\",\"@id\":\"https:\\\/\\\/andreinipiante.it\\\/privacy-policy\\\/#breadcrumb\",\"itemListElement\":[{\"@type\":\"ListItem\",\"position\":1,\"name\":\"Home\",\"item\":\"https:\\\/\\\/andreinipiante.it\\\/\"},{\"@type\":\"ListItem\",\"position\":2,\"name\":\"Privacy Policy\"}]},{\"@type\":\"WebSite\",\"@id\":\"https:\\\/\\\/andreinipiante.it\\\/#website\",\"url\":\"https:\\\/\\\/andreinipiante.it\\\/\",\"name\":\"Andreini Piante\",\"description\":\"\",\"potentialAction\":[{\"@type\":\"SearchAction\",\"target\":{\"@type\":\"EntryPoint\",\"urlTemplate\":\"https:\\\/\\\/andreinipiante.it\\\/?s={search_term_string}\"},\"query-input\":{\"@type\":\"PropertyValueSpecification\",\"valueRequired\":true,\"valueName\":\"search_term_string\"}}],\"inLanguage\":\"de\"}]}<\/script>\n<!-- \/ Yoast SEO plugin. -->","yoast_head_json":{"title":"Privacy Policy - Andreini Piante","robots":{"index":"index","follow":"follow","max-snippet":"max-snippet:-1","max-image-preview":"max-image-preview:large","max-video-preview":"max-video-preview:-1"},"canonical":"https:\/\/andreinipiante.it\/de\/privacy-policy\/","og_locale":"de_DE","og_type":"article","og_title":"Privacy Policy - Andreini Piante","og_description":"Politica sulla riservatezza Il sito andreinipiante.it \u00e8 di propriet\u00e0 di Andreini Piante srl, titolare del trattamento dei Suoi dati personali. Abbiamo adottato questa politica sulla privacy, la quale determina il trattamento delle informazioni raccolte da andreinipiante.it, oltre che i motivi per raccolta di certi dati personali a Lei correlati. Pertanto, deve leggere questa politica sulla [&hellip;]","og_url":"https:\/\/andreinipiante.it\/de\/privacy-policy\/","og_site_name":"Andreini Piante","article_modified_time":"2023-08-24T10:03:20+00:00","twitter_card":"summary_large_image","twitter_misc":{"Gesch\u00e4tzte Lesezeit":"4\u00a0Minuten"},"schema":{"@context":"https:\/\/schema.org","@graph":[{"@type":"WebPage","@id":"https:\/\/andreinipiante.it\/privacy-policy\/","url":"https:\/\/andreinipiante.it\/privacy-policy\/","name":"Privacy Policy - Andreini Piante","isPartOf":{"@id":"https:\/\/andreinipiante.it\/#website"},"datePublished":"2023-08-24T07:03:34+00:00","dateModified":"2023-08-24T10:03:20+00:00","breadcrumb":{"@id":"https:\/\/andreinipiante.it\/privacy-policy\/#breadcrumb"},"inLanguage":"de","potentialAction":[{"@type":"ReadAction","target":["https:\/\/andreinipiante.it\/privacy-policy\/"]}]},{"@type":"BreadcrumbList","@id":"https:\/\/andreinipiante.it\/privacy-policy\/#breadcrumb","itemListElement":[{"@type":"ListItem","position":1,"name":"Home","item":"https:\/\/andreinipiante.it\/"},{"@type":"ListItem","position":2,"name":"Privacy Policy"}]},{"@type":"WebSite","@id":"https:\/\/andreinipiante.it\/#website","url":"https:\/\/andreinipiante.it\/","name":"Andreini Piante","description":"","potentialAction":[{"@type":"SearchAction","target":{"@type":"EntryPoint","urlTemplate":"https:\/\/andreinipiante.it\/?s={search_term_string}"},"query-input":{"@type":"PropertyValueSpecification","valueRequired":true,"valueName":"search_term_string"}}],"inLanguage":"de"}]}},"_links":{"self":[{"href":"https:\/\/andreinipiante.it\/de\/wp-json\/wp\/v2\/pages\/3","targetHints":{"allow":["GET"]}}],"collection":[{"href":"https:\/\/andreinipiante.it\/de\/wp-json\/wp\/v2\/pages"}],"about":[{"href":"https:\/\/andreinipiante.it\/de\/wp-json\/wp\/v2\/types\/page"}],"author":[{"embeddable":true,"href":"https:\/\/andreinipiante.it\/de\/wp-json\/wp\/v2\/users\/1"}],"replies":[{"embeddable":true,"href":"https:\/\/andreinipiante.it\/de\/wp-json\/wp\/v2\/comments?post=3"}],"version-history":[{"count":0,"href":"https:\/\/andreinipiante.it\/de\/wp-json\/wp\/v2\/pages\/3\/revisions"}],"wp:attachment":[{"href":"https:\/\/andreinipiante.it\/de\/wp-json\/wp\/v2\/media?parent=3"}],"curies":[{"name":"wp","href":"https:\/\/api.w.org\/{rel}","templated":true}]}}