{"id":3,"date":"2023-08-24T09:03:34","date_gmt":"2023-08-24T07:03:34","guid":{"rendered":"https:\/\/andreini.myvirtualab.it\/?page_id=3"},"modified":"2023-08-24T12:03:20","modified_gmt":"2023-08-24T10:03:20","slug":"privacy-policy","status":"publish","type":"page","link":"https:\/\/andreinipiante.it\/es\/privacy-policy\/","title":{"rendered":"Pol\u00edtica De Privacidad"},"content":{"rendered":"<h4 class=\"wp-block-heading\">Pol\u00edtica de privacidad<\/h4>\n\n\n\n<p>El sitio andreinipiante.es propiedad de Andreini Plantas srl, el responsable del tratamiento de sus datos personales.<\/p>\n\n\n\n<p>Hemos adoptado esta pol\u00edtica de privacidad, la cual determina el tratamiento de la informaci\u00f3n recopilada por andreinipiante.es, adem\u00e1s, las razones para la recopilaci\u00f3n de cierta informaci\u00f3n personal, Que se han relacionado. Por lo tanto, usted debe leer esta pol\u00edtica de privacidad antes de utilizar el sitio andreinipiante.es.<\/p>\n\n\n\n<p>Tratamos sus datos personales y le garantiza la confidencialidad y seguridad de la misma.<\/p>\n\n\n\n<h4 class=\"wp-block-heading\">La informaci\u00f3n Personal recopilada:<\/h4>\n\n\n\n<p>Cuando usted visita andreinipiante.es, nosotros recopilamos autom\u00e1ticamente cierta informaci\u00f3n acerca de su dispositivo, incluyendo informaci\u00f3n acerca de su navegador web, la direcci\u00f3n IP, la zona horaria, y las cookies instaladas en su dispositivo. Adem\u00e1s, al navegar por el sitio, recopilamos informaci\u00f3n acerca de las p\u00e1ginas web o los productos que se muestran, en los sitios web o de b\u00fasqueda de los t\u00e9rminos de referencia para el sitio y la forma de interactuar con el sitio. Se denota tal informaci\u00f3n recopilada autom\u00e1ticamente como &#034;informaci\u00f3n del dispositivo&#034;. Tambi\u00e9n podemos recopilar datos personales que usted proporcione (incluyendo, sin limitaci\u00f3n, nombre, apellido, direcci\u00f3n, informaci\u00f3n de pago, etc.) durante el proceso de registro para satisfacer el acuerdo.<\/p>\n\n\n\n<h4 class=\"wp-block-heading\">\u00bfPor qu\u00e9 hemos de datos de proceso?<\/h4>\n\n\n\n<p>La seguridad de los datos de nuestros clientes es nuestra prioridad, por lo que s\u00f3lo se ocupan de los datos de los usuarios ser\u00e1n los estrictamente necesarios para administrar el sitio. La informaci\u00f3n recopilada autom\u00e1ticamente s\u00f3lo se utiliza para identificar posibles casos de abuso y establecer estad\u00edsticas sobre el uso del sitio web. Estas estad\u00edsticas no son agregados para identificar a un usuario espec\u00edfico del sistema.<\/p>\n\n\n\n<p>Puede visitar el sitio web sin revelar ninguna informaci\u00f3n por la cual usted puede ser identificado personalmente. Sin embargo, si desea utilizar algunas de las caracter\u00edsticas del sitio, o si le gustar\u00eda recibir un bolet\u00edn de noticias, o proporcionar cualquier otra informaci\u00f3n que mediante la cumplimentaci\u00f3n de un formulario, puede que tenga que proporcionar informaci\u00f3n personal como el correo electr\u00f3nico, nombre, apellido, ciudad de residencia, la organizaci\u00f3n y el n\u00famero de tel\u00e9fono. Usted puede elegir no proporcionar datos personales, sin embargo, en este caso, usted puede tomar ventaja de algunas de las caracter\u00edsticas del sitio. Por ejemplo, usted no puede recibir nuestro bolet\u00edn de noticias o p\u00f3ngase en contacto con nosotros directamente desde el sitio web. Los usuarios que no saben lo que se requiere informaci\u00f3n, puede ponerse en contacto con nosotros en info@andreinipiante.it.<\/p>\n\n\n\n<h4 class=\"wp-block-heading\">Sus derechos:<\/h4>\n\n\n\n<p>Si es residente en la Uni\u00f3n Europea, usted tiene los siguientes derechos con respecto a los datos personales:<\/p>\n\n\n\n<ul class=\"wp-block-list\">\n<li>El derecho a ser informado.<\/li>\n\n\n\n<li>El derecho de acceso.<\/li>\n\n\n\n<li>La ley del cambio.<\/li>\n\n\n\n<li>El derecho a la supresi\u00f3n.<\/li>\n\n\n\n<li>El derecho a la restricci\u00f3n de procesamiento.<\/li>\n\n\n\n<li>El derecho a la portabilidad de los datos.<\/li>\n\n\n\n<li>El derecho a la objeci\u00f3n de conciencia.<\/li>\n\n\n\n<li>La ley en relaci\u00f3n con la decisi\u00f3n y la elaboraci\u00f3n de perfiles automatizados.<\/li>\n<\/ul>\n\n\n\n<p>Para ejercitar estos derechos, por favor p\u00f3ngase en contacto con nosotros a trav\u00e9s de la informaci\u00f3n de contacto a continuaci\u00f3n.<\/p>\n\n\n\n<p>Por otra parte, si usted es residente en la Uni\u00f3n Europea, procesamos su informaci\u00f3n con el fin de entrar en un contrato con Usted (por ejemplo, en el caso de un pedido a trav\u00e9s del sitio), o para satisfacer a nuestros leg\u00edtimos intereses comerciales mencionadas anteriormente. Todav\u00eda, tenga en cuenta que su informaci\u00f3n puede ser transferida fuera de Europa, incluyendo a Canad\u00e1 y los Estados unidos.<\/p>\n\n\n\n<h4 class=\"wp-block-heading\">Enlaces a otros sitios:<\/h4>\n\n\n\n<p>Nuestro sitio web puede contener enlaces a otros sitios que no son operados o controlados por nosotros. Tenga en cuenta que no somos responsables por las pr\u00e1cticas de privacidad de otros sitios web o de terceros. Te invitamos a prestar atenci\u00f3n en caso de que usted salga del sitio web y que lean las declaraciones de privacidad de cada sitio web que puede recopilar su informaci\u00f3n personal.<\/p>\n\n\n\n<h4 class=\"wp-block-heading\">La seguridad de la informaci\u00f3n:<\/h4>\n\n\n\n<p>Protegemos la informaci\u00f3n que proporciona en los servidores de un ordenador controlado, ambiente seguro, protegido del acceso no autorizado, del uso o de la divulgaci\u00f3n. Adoptar sistemas de protecci\u00f3n f\u00edsica, t\u00e9cnica y administrativa de los pasos razonables para proteger contra el acceso no autorizado, uso, modificaci\u00f3n y divulgaci\u00f3n de informaci\u00f3n personal en nuestra posesi\u00f3n. A pesar de esto, ninguna transmisi\u00f3n de datos a trav\u00e9s de Internet o una red inal\u00e1mbrica puede ser completamente garantizada como segura.<\/p>\n\n\n\n<h4 class=\"wp-block-heading\">Aviso Legal:<\/h4>\n\n\n\n<p>Vamos a divulgar la informaci\u00f3n que recopilamos, del uso o de recibir si es requerido o permitido por la ley, como para cumplir con las \u00f3rdenes de los tribunales o procedimientos judiciales similares, sobre la cual, en el caso en el que creemos de buena fe que la divulgaci\u00f3n es necesaria para proteger nuestros derechos, proteger su seguridad o la seguridad de otros, investigar casos de fraude o responder a solicitudes gubernamentales.<\/p>\n\n\n\n<h4 class=\"wp-block-heading\">Informaci\u00f3n de contacto:<\/h4>\n\n\n\n<p>Para cualquier pregunta relacionada con los derechos individuales o informaci\u00f3n personal, usted puede enviar un correo electr\u00f3nico a info@andreinipiante.it.<\/p>","protected":false},"excerpt":{"rendered":"<p>Politica sulla riservatezza Il sito andreinipiante.it \u00e8 di propriet\u00e0 di Andreini Piante srl, titolare del trattamento dei Suoi dati personali. Abbiamo adottato questa politica sulla privacy, la quale determina il trattamento delle informazioni raccolte da andreinipiante.it, oltre che i motivi per raccolta di certi dati personali a Lei correlati. Pertanto, deve leggere questa politica sulla [&hellip;]<\/p>\n","protected":false},"author":1,"featured_media":0,"parent":0,"menu_order":0,"comment_status":"closed","ping_status":"closed","template":"","meta":{"footnotes":""},"class_list":["post-3","page","type-page","status-publish","hentry"],"acf":[],"yoast_head":"<!-- This site is optimized with the Yoast SEO plugin v27.6 - https:\/\/yoast.com\/product\/yoast-seo-wordpress\/ -->\n<title>Privacy Policy - Andreini Piante<\/title>\n<meta name=\"robots\" content=\"index, follow, max-snippet:-1, max-image-preview:large, max-video-preview:-1\" \/>\n<link rel=\"canonical\" href=\"https:\/\/andreinipiante.it\/es\/privacy-policy\/\" \/>\n<meta property=\"og:locale\" content=\"es_ES\" \/>\n<meta property=\"og:type\" content=\"article\" \/>\n<meta property=\"og:title\" content=\"Privacy Policy - Andreini Piante\" \/>\n<meta property=\"og:description\" content=\"Politica sulla riservatezza Il sito andreinipiante.it \u00e8 di propriet\u00e0 di Andreini Piante srl, titolare del trattamento dei Suoi dati personali. Abbiamo adottato questa politica sulla privacy, la quale determina il trattamento delle informazioni raccolte da andreinipiante.it, oltre che i motivi per raccolta di certi dati personali a Lei correlati. Pertanto, deve leggere questa politica sulla [&hellip;]\" \/>\n<meta property=\"og:url\" content=\"https:\/\/andreinipiante.it\/es\/privacy-policy\/\" \/>\n<meta property=\"og:site_name\" content=\"Andreini Piante\" \/>\n<meta property=\"article:modified_time\" content=\"2023-08-24T10:03:20+00:00\" \/>\n<meta name=\"twitter:card\" content=\"summary_large_image\" \/>\n<meta name=\"twitter:label1\" content=\"Tiempo de lectura\" \/>\n\t<meta name=\"twitter:data1\" content=\"4 minutos\" \/>\n<script type=\"application\/ld+json\" class=\"yoast-schema-graph\">{\"@context\":\"https:\\\/\\\/schema.org\",\"@graph\":[{\"@type\":\"WebPage\",\"@id\":\"https:\\\/\\\/andreinipiante.it\\\/privacy-policy\\\/\",\"url\":\"https:\\\/\\\/andreinipiante.it\\\/privacy-policy\\\/\",\"name\":\"Privacy Policy - Andreini Piante\",\"isPartOf\":{\"@id\":\"https:\\\/\\\/andreinipiante.it\\\/#website\"},\"datePublished\":\"2023-08-24T07:03:34+00:00\",\"dateModified\":\"2023-08-24T10:03:20+00:00\",\"breadcrumb\":{\"@id\":\"https:\\\/\\\/andreinipiante.it\\\/privacy-policy\\\/#breadcrumb\"},\"inLanguage\":\"es\",\"potentialAction\":[{\"@type\":\"ReadAction\",\"target\":[\"https:\\\/\\\/andreinipiante.it\\\/privacy-policy\\\/\"]}]},{\"@type\":\"BreadcrumbList\",\"@id\":\"https:\\\/\\\/andreinipiante.it\\\/privacy-policy\\\/#breadcrumb\",\"itemListElement\":[{\"@type\":\"ListItem\",\"position\":1,\"name\":\"Home\",\"item\":\"https:\\\/\\\/andreinipiante.it\\\/\"},{\"@type\":\"ListItem\",\"position\":2,\"name\":\"Privacy Policy\"}]},{\"@type\":\"WebSite\",\"@id\":\"https:\\\/\\\/andreinipiante.it\\\/#website\",\"url\":\"https:\\\/\\\/andreinipiante.it\\\/\",\"name\":\"Andreini Piante\",\"description\":\"\",\"potentialAction\":[{\"@type\":\"SearchAction\",\"target\":{\"@type\":\"EntryPoint\",\"urlTemplate\":\"https:\\\/\\\/andreinipiante.it\\\/?s={search_term_string}\"},\"query-input\":{\"@type\":\"PropertyValueSpecification\",\"valueRequired\":true,\"valueName\":\"search_term_string\"}}],\"inLanguage\":\"es\"}]}<\/script>\n<!-- \/ Yoast SEO plugin. -->","yoast_head_json":{"title":"Privacy Policy - Andreini Piante","robots":{"index":"index","follow":"follow","max-snippet":"max-snippet:-1","max-image-preview":"max-image-preview:large","max-video-preview":"max-video-preview:-1"},"canonical":"https:\/\/andreinipiante.it\/es\/privacy-policy\/","og_locale":"es_ES","og_type":"article","og_title":"Privacy Policy - Andreini Piante","og_description":"Politica sulla riservatezza Il sito andreinipiante.it \u00e8 di propriet\u00e0 di Andreini Piante srl, titolare del trattamento dei Suoi dati personali. Abbiamo adottato questa politica sulla privacy, la quale determina il trattamento delle informazioni raccolte da andreinipiante.it, oltre che i motivi per raccolta di certi dati personali a Lei correlati. Pertanto, deve leggere questa politica sulla [&hellip;]","og_url":"https:\/\/andreinipiante.it\/es\/privacy-policy\/","og_site_name":"Andreini Piante","article_modified_time":"2023-08-24T10:03:20+00:00","twitter_card":"summary_large_image","twitter_misc":{"Tiempo de lectura":"4 minutos"},"schema":{"@context":"https:\/\/schema.org","@graph":[{"@type":"WebPage","@id":"https:\/\/andreinipiante.it\/privacy-policy\/","url":"https:\/\/andreinipiante.it\/privacy-policy\/","name":"Privacy Policy - Andreini Piante","isPartOf":{"@id":"https:\/\/andreinipiante.it\/#website"},"datePublished":"2023-08-24T07:03:34+00:00","dateModified":"2023-08-24T10:03:20+00:00","breadcrumb":{"@id":"https:\/\/andreinipiante.it\/privacy-policy\/#breadcrumb"},"inLanguage":"es","potentialAction":[{"@type":"ReadAction","target":["https:\/\/andreinipiante.it\/privacy-policy\/"]}]},{"@type":"BreadcrumbList","@id":"https:\/\/andreinipiante.it\/privacy-policy\/#breadcrumb","itemListElement":[{"@type":"ListItem","position":1,"name":"Home","item":"https:\/\/andreinipiante.it\/"},{"@type":"ListItem","position":2,"name":"Privacy Policy"}]},{"@type":"WebSite","@id":"https:\/\/andreinipiante.it\/#website","url":"https:\/\/andreinipiante.it\/","name":"Andreini Piante","description":"","potentialAction":[{"@type":"SearchAction","target":{"@type":"EntryPoint","urlTemplate":"https:\/\/andreinipiante.it\/?s={search_term_string}"},"query-input":{"@type":"PropertyValueSpecification","valueRequired":true,"valueName":"search_term_string"}}],"inLanguage":"es"}]}},"_links":{"self":[{"href":"https:\/\/andreinipiante.it\/es\/wp-json\/wp\/v2\/pages\/3","targetHints":{"allow":["GET"]}}],"collection":[{"href":"https:\/\/andreinipiante.it\/es\/wp-json\/wp\/v2\/pages"}],"about":[{"href":"https:\/\/andreinipiante.it\/es\/wp-json\/wp\/v2\/types\/page"}],"author":[{"embeddable":true,"href":"https:\/\/andreinipiante.it\/es\/wp-json\/wp\/v2\/users\/1"}],"replies":[{"embeddable":true,"href":"https:\/\/andreinipiante.it\/es\/wp-json\/wp\/v2\/comments?post=3"}],"version-history":[{"count":0,"href":"https:\/\/andreinipiante.it\/es\/wp-json\/wp\/v2\/pages\/3\/revisions"}],"wp:attachment":[{"href":"https:\/\/andreinipiante.it\/es\/wp-json\/wp\/v2\/media?parent=3"}],"curies":[{"name":"wp","href":"https:\/\/api.w.org\/{rel}","templated":true}]}}