{"id":3,"date":"2023-08-24T09:03:34","date_gmt":"2023-08-24T07:03:34","guid":{"rendered":"https:\/\/andreini.myvirtualab.it\/?page_id=3"},"modified":"2023-08-24T12:03:20","modified_gmt":"2023-08-24T10:03:20","slug":"privacy-policy","status":"publish","type":"page","link":"https:\/\/andreinipiante.it\/fr\/privacy-policy\/","title":{"rendered":"Politique De Confidentialit\u00e9"},"content":{"rendered":"<h4 class=\"wp-block-heading\">Politique de confidentialit\u00e9<\/h4>\n\n\n\n<p>Le site andreinipiante.elle est d\u00e9tenue par Andreini Plantes srl, le contr\u00f4leur de donn\u00e9es de vos donn\u00e9es personnelles.<\/p>\n\n\n\n<p>Nous avons adopt\u00e9 cette politique de confidentialit\u00e9, qui d\u00e9termine le traitement de l&#039;information recueillie par andreinipiante.en outre, les raisons de la collecte de certains renseignements personnels que Vous avez li\u00e9. Par cons\u00e9quent, vous devriez lire cette politique de confidentialit\u00e9 avant d&#039;utiliser le site andreinipiante.fr.<\/p>\n\n\n\n<p>Nous traitons vos donn\u00e9es personnelles et nous garantissons la confidentialit\u00e9 et la s\u00e9curit\u00e9 de la m\u00eame chose.<\/p>\n\n\n\n<h4 class=\"wp-block-heading\">Les informations personnelles collect\u00e9es:<\/h4>\n\n\n\n<p>Lorsque vous visitez andreinipiante.fr, nous recueillons automatiquement certaines informations \u00e0 propos de votre appareil, y compris des informations sur votre navigateur web, votre adresse IP, l&#039;heure et les cookies qui sont install\u00e9s sur votre appareil. En outre, en naviguant sur le site, nous recueillons des informations sur des pages web ou des produits affich\u00e9s sur les sites web ou les termes de recherche de r\u00e9f\u00e9rence pour le site et la mani\u00e8re dont Vous interagissez avec le site. Nous noterons ces informations collect\u00e9es automatiquement comme \u201cl&#039;appareil\u201d. Nous pouvons \u00e9galement recueillir des donn\u00e9es personnelles que vous fournissez (y compris, sans limitation, pr\u00e9nom, nom, adresse, informations de paiement, etc.) lors de l&#039;inscription pour satisfaire l&#039;accord.<\/p>\n\n\n\n<h4 class=\"wp-block-heading\">Pourquoi nous traitons les donn\u00e9es?<\/h4>\n\n\n\n<p>La s\u00e9curit\u00e9 des donn\u00e9es de nos clients est notre priorit\u00e9, c&#039;est pourquoi nous ne traitons qu&#039;avec les donn\u00e9es des utilisateurs sont strictement n\u00e9cessaires \u00e0 la gestion du site. Les informations recueillies sont utilis\u00e9es uniquement afin d&#039;identifier d&#039;\u00e9ventuels cas d&#039;abus et d&#039;\u00e9tablir des statistiques sur l&#039;utilisation du site web. Ces statistiques ne sont pas agr\u00e9g\u00e9es afin d&#039;identifier un utilisateur sp\u00e9cifique du syst\u00e8me.<\/p>\n\n\n\n<p>Vous pouvez consulter ce site sans r\u00e9v\u00e9ler d&#039;informations par lesquelles vous pouvez \u00eatre identifi\u00e9 personnellement. Si, toutefois, vous voulez utiliser certaines des fonctionnalit\u00e9s du site, ou souhaitez recevoir un bulletin d&#039;information, ou de fournir d&#039;autres d\u00e9tails en remplissant un formulaire, vous pouvez avoir \u00e0 fournir d&#039;informations personnelles comme le courrier \u00e9lectronique, nom, pr\u00e9nom, ville de r\u00e9sidence, de l&#039;organisation, et num\u00e9ro de t\u00e9l\u00e9phone. Vous pouvez choisir de ne pas fournir de donn\u00e9es personnelles, mais dans ce cas, vous pouvez profiter de certaines fonctionnalit\u00e9s de ce site. Par exemple, vous ne pouvez pas recevoir notre newsletter ou \u00e0 nous contacter directement depuis le site. Les utilisateurs qui ne savent pas quelles sont les informations requises, vous pouvez nous contacter \u00e0 info@andreinipiante.it.<\/p>\n\n\n\n<h4 class=\"wp-block-heading\">Vos droits:<\/h4>\n\n\n\n<p>S&#039;il est r\u00e9sident dans l&#039;Union Europ\u00e9enne, vous avez les droits suivants concernant les donn\u00e9es personnelles:<\/p>\n\n\n\n<ul class=\"wp-block-list\">\n<li>Le droit d&#039;\u00eatre inform\u00e9.<\/li>\n\n\n\n<li>Le droit d&#039;acc\u00e8s.<\/li>\n\n\n\n<li>La loi du changement.<\/li>\n\n\n\n<li>Le droit de suppression.<\/li>\n\n\n\n<li>Le droit \u00e0 la limitation de leur traitement.<\/li>\n\n\n\n<li>Le droit \u00e0 la portabilit\u00e9 des donn\u00e9es.<\/li>\n\n\n\n<li>Le droit d&#039;opposition.<\/li>\n\n\n\n<li>La loi relativement \u00e0 la d\u00e9cision et de profilage automatis\u00e9.<\/li>\n<\/ul>\n\n\n\n<p>Pour exercer ces droits, veuillez nous contacter via les coordonn\u00e9es ci-dessous.<\/p>\n\n\n\n<p>En outre, si vous \u00eates r\u00e9sident de l&#039;Union Europ\u00e9enne, nous traitons vos informations dans le but de conclure des contrats avec Vous (par exemple, dans le cas d&#039;une commande par le biais du site), ou pour satisfaire \u00e0 nos int\u00e9r\u00eats commerciaux l\u00e9gitimes \u00e9num\u00e9r\u00e9s ci-dessus. Rappelons tout de m\u00eame que vos informations peuvent \u00eatre transf\u00e9r\u00e9es en dehors de l&#039;Europe, y compris au Canada et aux \u00c9tats-unis.<\/p>\n\n\n\n<h4 class=\"wp-block-heading\">Des liens vers d&#039;autres sites:<\/h4>\n\n\n\n<p>Notre site web peut contenir des liens vers d&#039;autres sites qui ne sont pas g\u00e9r\u00e9s ou contr\u00f4l\u00e9s par nous. Notez que nous ne sommes pas responsables des pratiques de confidentialit\u00e9 d&#039;autres sites web ou \u00e0 des tiers. Nous vous invitons \u00e0 vous de faire attention dans le cas o\u00f9 vous quittez le site internet et \u00e0 lire les d\u00e9clarations de confidentialit\u00e9 de chaque site web qui peut recueillir des renseignements personnels.<\/p>\n\n\n\n<h4 class=\"wp-block-heading\">La s\u00e9curit\u00e9 de l&#039;Information:<\/h4>\n\n\n\n<p>Nous prot\u00e9geons les informations que nous fournissez sur des serveurs informatiques environnement s\u00fbr et contr\u00f4l\u00e9, prot\u00e9g\u00e9 de tout acc\u00e8s non autoris\u00e9, l&#039;utilisation ou la divulgation. Nous avons adopter des syst\u00e8mes de protection physique, de la technique et administrative des mesures raisonnables pour prot\u00e9ger contre tout acc\u00e8s non autoris\u00e9, l&#039;utilisation, la modification et la divulgation de renseignements personnels en notre possession. Malgr\u00e9 cela, aucune transmission de donn\u00e9es sur Internet ou un r\u00e9seau sans fil peut \u00eatre enti\u00e8rement garantie en garantir la s\u00e9curit\u00e9.<\/p>\n\n\n\n<h4 class=\"wp-block-heading\">Avis juridique:<\/h4>\n\n\n\n<p>Nous allons divulguer les informations que nous recueillons, utilisons ou \u00e0 recevoir si requis ou permis par la loi, comme pour se conformer \u00e0 des ordonnances de tribunaux ou de proc\u00e9dures juridiques similaires, sur lequel, dans le cas o\u00f9 nous croyons de bonne foi que cette divulgation est n\u00e9cessaire pour prot\u00e9ger nos droits, pour votre s\u00e9curit\u00e9 ou celle des autres, d&#039;enqu\u00eater sur la fraude ou de r\u00e9pondre \u00e0 des demandes gouvernementales.<\/p>\n\n\n\n<h4 class=\"wp-block-heading\">Informations de Contact:<\/h4>\n\n\n\n<p>Pour toute question relative aux droits individuels ou des informations personnelles, vous pouvez envoyer un e-mail \u00e0 info@andreinipiante.it.<\/p>","protected":false},"excerpt":{"rendered":"<p>Politica sulla riservatezza Il sito andreinipiante.it \u00e8 di propriet\u00e0 di Andreini Piante srl, titolare del trattamento dei Suoi dati personali. Abbiamo adottato questa politica sulla privacy, la quale determina il trattamento delle informazioni raccolte da andreinipiante.it, oltre che i motivi per raccolta di certi dati personali a Lei correlati. Pertanto, deve leggere questa politica sulla [&hellip;]<\/p>\n","protected":false},"author":1,"featured_media":0,"parent":0,"menu_order":0,"comment_status":"closed","ping_status":"closed","template":"","meta":{"footnotes":""},"class_list":["post-3","page","type-page","status-publish","hentry"],"acf":[],"yoast_head":"<!-- This site is optimized with the Yoast SEO plugin v27.3 - https:\/\/yoast.com\/product\/yoast-seo-wordpress\/ -->\n<title>Privacy Policy - Andreini Piante<\/title>\n<meta name=\"robots\" content=\"index, follow, max-snippet:-1, max-image-preview:large, max-video-preview:-1\" \/>\n<link rel=\"canonical\" href=\"https:\/\/andreinipiante.it\/fr\/privacy-policy\/\" \/>\n<meta property=\"og:locale\" content=\"fr_FR\" \/>\n<meta property=\"og:type\" content=\"article\" \/>\n<meta property=\"og:title\" content=\"Privacy Policy - Andreini Piante\" \/>\n<meta property=\"og:description\" content=\"Politica sulla riservatezza Il sito andreinipiante.it \u00e8 di propriet\u00e0 di Andreini Piante srl, titolare del trattamento dei Suoi dati personali. Abbiamo adottato questa politica sulla privacy, la quale determina il trattamento delle informazioni raccolte da andreinipiante.it, oltre che i motivi per raccolta di certi dati personali a Lei correlati. Pertanto, deve leggere questa politica sulla [&hellip;]\" \/>\n<meta property=\"og:url\" content=\"https:\/\/andreinipiante.it\/fr\/privacy-policy\/\" \/>\n<meta property=\"og:site_name\" content=\"Andreini Piante\" \/>\n<meta property=\"article:modified_time\" content=\"2023-08-24T10:03:20+00:00\" \/>\n<meta name=\"twitter:card\" content=\"summary_large_image\" \/>\n<meta name=\"twitter:label1\" content=\"Dur\u00e9e de lecture estim\u00e9e\" \/>\n\t<meta name=\"twitter:data1\" content=\"4 minutes\" \/>\n<script type=\"application\/ld+json\" class=\"yoast-schema-graph\">{\"@context\":\"https:\\\/\\\/schema.org\",\"@graph\":[{\"@type\":\"WebPage\",\"@id\":\"https:\\\/\\\/andreinipiante.it\\\/privacy-policy\\\/\",\"url\":\"https:\\\/\\\/andreinipiante.it\\\/privacy-policy\\\/\",\"name\":\"Privacy Policy - Andreini Piante\",\"isPartOf\":{\"@id\":\"https:\\\/\\\/andreinipiante.it\\\/#website\"},\"datePublished\":\"2023-08-24T07:03:34+00:00\",\"dateModified\":\"2023-08-24T10:03:20+00:00\",\"breadcrumb\":{\"@id\":\"https:\\\/\\\/andreinipiante.it\\\/privacy-policy\\\/#breadcrumb\"},\"inLanguage\":\"fr-FR\",\"potentialAction\":[{\"@type\":\"ReadAction\",\"target\":[\"https:\\\/\\\/andreinipiante.it\\\/privacy-policy\\\/\"]}]},{\"@type\":\"BreadcrumbList\",\"@id\":\"https:\\\/\\\/andreinipiante.it\\\/privacy-policy\\\/#breadcrumb\",\"itemListElement\":[{\"@type\":\"ListItem\",\"position\":1,\"name\":\"Home\",\"item\":\"https:\\\/\\\/andreinipiante.it\\\/\"},{\"@type\":\"ListItem\",\"position\":2,\"name\":\"Privacy Policy\"}]},{\"@type\":\"WebSite\",\"@id\":\"https:\\\/\\\/andreinipiante.it\\\/#website\",\"url\":\"https:\\\/\\\/andreinipiante.it\\\/\",\"name\":\"Andreini Piante\",\"description\":\"\",\"potentialAction\":[{\"@type\":\"SearchAction\",\"target\":{\"@type\":\"EntryPoint\",\"urlTemplate\":\"https:\\\/\\\/andreinipiante.it\\\/?s={search_term_string}\"},\"query-input\":{\"@type\":\"PropertyValueSpecification\",\"valueRequired\":true,\"valueName\":\"search_term_string\"}}],\"inLanguage\":\"fr-FR\"}]}<\/script>\n<!-- \/ Yoast SEO plugin. -->","yoast_head_json":{"title":"Privacy Policy - Andreini Piante","robots":{"index":"index","follow":"follow","max-snippet":"max-snippet:-1","max-image-preview":"max-image-preview:large","max-video-preview":"max-video-preview:-1"},"canonical":"https:\/\/andreinipiante.it\/fr\/privacy-policy\/","og_locale":"fr_FR","og_type":"article","og_title":"Privacy Policy - Andreini Piante","og_description":"Politica sulla riservatezza Il sito andreinipiante.it \u00e8 di propriet\u00e0 di Andreini Piante srl, titolare del trattamento dei Suoi dati personali. Abbiamo adottato questa politica sulla privacy, la quale determina il trattamento delle informazioni raccolte da andreinipiante.it, oltre che i motivi per raccolta di certi dati personali a Lei correlati. Pertanto, deve leggere questa politica sulla [&hellip;]","og_url":"https:\/\/andreinipiante.it\/fr\/privacy-policy\/","og_site_name":"Andreini Piante","article_modified_time":"2023-08-24T10:03:20+00:00","twitter_card":"summary_large_image","twitter_misc":{"Dur\u00e9e de lecture estim\u00e9e":"4 minutes"},"schema":{"@context":"https:\/\/schema.org","@graph":[{"@type":"WebPage","@id":"https:\/\/andreinipiante.it\/privacy-policy\/","url":"https:\/\/andreinipiante.it\/privacy-policy\/","name":"Privacy Policy - Andreini Piante","isPartOf":{"@id":"https:\/\/andreinipiante.it\/#website"},"datePublished":"2023-08-24T07:03:34+00:00","dateModified":"2023-08-24T10:03:20+00:00","breadcrumb":{"@id":"https:\/\/andreinipiante.it\/privacy-policy\/#breadcrumb"},"inLanguage":"fr-FR","potentialAction":[{"@type":"ReadAction","target":["https:\/\/andreinipiante.it\/privacy-policy\/"]}]},{"@type":"BreadcrumbList","@id":"https:\/\/andreinipiante.it\/privacy-policy\/#breadcrumb","itemListElement":[{"@type":"ListItem","position":1,"name":"Home","item":"https:\/\/andreinipiante.it\/"},{"@type":"ListItem","position":2,"name":"Privacy Policy"}]},{"@type":"WebSite","@id":"https:\/\/andreinipiante.it\/#website","url":"https:\/\/andreinipiante.it\/","name":"Andreini Piante","description":"","potentialAction":[{"@type":"SearchAction","target":{"@type":"EntryPoint","urlTemplate":"https:\/\/andreinipiante.it\/?s={search_term_string}"},"query-input":{"@type":"PropertyValueSpecification","valueRequired":true,"valueName":"search_term_string"}}],"inLanguage":"fr-FR"}]}},"_links":{"self":[{"href":"https:\/\/andreinipiante.it\/fr\/wp-json\/wp\/v2\/pages\/3","targetHints":{"allow":["GET"]}}],"collection":[{"href":"https:\/\/andreinipiante.it\/fr\/wp-json\/wp\/v2\/pages"}],"about":[{"href":"https:\/\/andreinipiante.it\/fr\/wp-json\/wp\/v2\/types\/page"}],"author":[{"embeddable":true,"href":"https:\/\/andreinipiante.it\/fr\/wp-json\/wp\/v2\/users\/1"}],"replies":[{"embeddable":true,"href":"https:\/\/andreinipiante.it\/fr\/wp-json\/wp\/v2\/comments?post=3"}],"version-history":[{"count":0,"href":"https:\/\/andreinipiante.it\/fr\/wp-json\/wp\/v2\/pages\/3\/revisions"}],"wp:attachment":[{"href":"https:\/\/andreinipiante.it\/fr\/wp-json\/wp\/v2\/media?parent=3"}],"curies":[{"name":"wp","href":"https:\/\/api.w.org\/{rel}","templated":true}]}}