{"id":3,"date":"2023-08-24T09:03:34","date_gmt":"2023-08-24T07:03:34","guid":{"rendered":"https:\/\/andreini.myvirtualab.it\/?page_id=3"},"modified":"2023-08-24T12:03:20","modified_gmt":"2023-08-24T10:03:20","slug":"privacy-policy","status":"publish","type":"page","link":"https:\/\/andreinipiante.it\/hu\/privacy-policy\/","title":{"rendered":"Adatv\u00e9delmi Politika"},"content":{"rendered":"<h4 class=\"wp-block-heading\">Adatv\u00e9delmi politika<\/h4>\n\n\n\n<p>A honlap andreinipiante.tulajdon\u00e1ban van Andreini N\u00f6v\u00e9nyek srl, az adatkezel\u0151 a szem\u00e9lyes adatokat.<\/p>\n\n\n\n<p>Elfogadtuk ezt az adatv\u00e9delmi szab\u00e1lyzatot, amely meghat\u00e1rozza a kezel\u00e9s az \u00f6sszegy\u0171jt\u00f6tt inform\u00e1ci\u00f3kat a andreinipiante.hu emellett az oka a gy\u0171jtem\u00e9ny bizonyos szem\u00e9lyes adatait kapcsolatos. Ez\u00e9rt kell olvasni ezt az adatv\u00e9delmi szab\u00e1lyzatot, miel\u0151tt az oldal haszn\u00e1lata andreinipiante.hu.<\/p>\n\n\n\n<p>Kezelj\u00fck a szem\u00e9lyes adatokat, tov\u00e1bb\u00e1 garant\u00e1ljuk, hogy a titoktart\u00e1si, illetve biztons\u00e1gi azonos.<\/p>\n\n\n\n<h4 class=\"wp-block-heading\">Gy\u0171jt\u00f6tt szem\u00e9lyes adatokat:<\/h4>\n\n\n\n<p>Amikor megl\u00e1togatja andreinipiante.hu, akkor automatikusan gy\u0171jteni bizonyos inform\u00e1ci\u00f3k a k\u00e9sz\u00fcl\u00e9kr\u0151l, bele\u00e9rtve inform\u00e1ci\u00f3t a b\u00f6ng\u00e9sz\u0151, IP c\u00edm, id\u0151z\u00f3na, de a cookie-k telep\u00edtve van a k\u00e9sz\u00fcl\u00e9kre. Ezen t\u00falmen\u0151en, a navig\u00e1l\u00e1s az oldalon, adatokat gy\u0171jt\u00fcnk arr\u00f3l, web oldalak, vagy a term\u00e9kek jelennek meg, az interneten, vagy a keres\u00e9si felt\u00e9teleket a hivatkoz\u00e1s, hogy a honlap, illetve, hogy hogyan befoly\u00e1solja a helysz\u00ednen. Jel\u00f6lj\u00fck az ilyen automatikusan gy\u0171jt\u00f6tt inform\u00e1ci\u00f3kat, mint &#034;eszk\u00f6z inform\u00e1ci\u00f3&#034;. Mi is gy\u0171jteni, szem\u00e9lyes adatait (bele\u00e9rtve, korl\u00e1toz\u00e1s n\u00e9lk\u00fcl, keresztn\u00e9v, vezet\u00e9kn\u00e9v, c\u00edm, fizet\u00e9si inform\u00e1ci\u00f3k, stb.) a regisztr\u00e1ci\u00f3 sor\u00e1n, hogy megfelelnek a meg\u00e1llapod\u00e1s.<\/p>\n\n\n\n<h4 class=\"wp-block-heading\">Mi\u00e9rt dolgozzuk fel az adatokat?<\/h4>\n\n\n\n<p>Az adatok biztons\u00e1gi \u00fcgyfeleink a legfontosabb, ez\u00e9rt azt csak a felhaszn\u00e1l\u00f3k adatait szigor\u00faan sz\u00fcks\u00e9ges kezelni az oldalt. Automatikusan gy\u0171jt\u00f6tt adatok csak arra haszn\u00e1lj\u00e1k, hogy azonos\u00edtsa a potenci\u00e1lis esetben vissza\u00e9l\u00e9s meg\u00e1llap\u00edt\u00e1sa statisztik\u00e1k arr\u00f3l, hogy a weboldal haszn\u00e1lata. Ezek a statisztik\u00e1k nem \u00f6sszes\u00edtett annak \u00e9rdek\u00e9ben, hogy azonos\u00edtani egy adott felhaszn\u00e1l\u00f3 a rendszerben.<\/p>\n\n\n\n<p>Lehet, hogy l\u00e1togasson el a honlapon felt\u00e1r\u00e1sa n\u00e9lk\u00fcl b\u00e1rmilyen inform\u00e1ci\u00f3t, mely \u00e1ltal \u00f6n szem\u00e9lyesen azonos\u00edthat\u00f3. Azonban, ha szeretn\u00e9 haszn\u00e1lni a funkci\u00f3k, a helysz\u00edn, vagy szeretn\u00e9 megkapni a h\u00edrlevelet, vagy adjon meg m\u00e1s r\u00e9szleteket, egy \u0171rlap kit\u00f6lt\u00e9s\u00e9vel, el\u0151fordulhat, hogy a szem\u00e9lyes adatokat, mint e-mail, n\u00e9v, vezet\u00e9kn\u00e9v, v\u00e1ros lak\u00f3helye, szervezet, v\u00e9g\u00fcl a telefonsz\u00e1mot. V\u00e1laszthat, hogy nem adja meg szem\u00e9lyes adatait, azonban ebben az esetben lehet kihaszn\u00e1lni az oldal bizonyos funkci\u00f3it. P\u00e9ld\u00e1ul, hogy nem megkapni h\u00edrlevel\u00fcnket, vagy l\u00e9pjen vel\u00fcnk kapcsolatba, k\u00f6zvetlen\u00fcl a honlapon. A felhaszn\u00e1l\u00f3k, akik nem tudj\u00e1k, milyen inform\u00e1ci\u00f3kra van sz\u00fcks\u00e9g, akkor l\u00e9pjen kapcsolatba vel\u00fcnk a info@andreinipiante.it.<\/p>\n\n\n\n<h4 class=\"wp-block-heading\">Az \u00f6n jogai:<\/h4>\n\n\n\n<p>Ha rendelkezik lak\u00f3hellyel, az Eur\u00f3pai Uni\u00f3, az al\u00e1bbi jogok vonatkoz\u00f3 szem\u00e9lyes adatok:<\/p>\n\n\n\n<ul class=\"wp-block-list\">\n<li>A t\u00e1j\u00e9koztat\u00e1shoz.<\/li>\n\n\n\n<li>A hozz\u00e1f\u00e9r\u00e9si jog.<\/li>\n\n\n\n<li>A t\u00f6rv\u00e9ny m\u00f3dos\u00edt\u00e1sa.<\/li>\n\n\n\n<li>A jogot, hogy a t\u00f6rl\u00e9s.<\/li>\n\n\n\n<li>Az igaz, hogy a korl\u00e1toz\u00e1s a feldolgoz\u00e1s.<\/li>\n\n\n\n<li>Az igaz, hogy a hordozhat\u00f3s\u00e1g.<\/li>\n\n\n\n<li>A kifog\u00e1st.<\/li>\n\n\n\n<li>A t\u00f6rv\u00e9ny kapcsolatban a hat\u00e1rozat profilalkot\u00e1s automatiz\u00e1lt.<\/li>\n<\/ul>\n\n\n\n<p>E jogok gyakorl\u00e1s\u00e1val kapcsolatban, k\u00e9rj\u00fck l\u00e9pjen kapcsolatba vel\u00fcnk a kapcsolatot az al\u00e1bbi inform\u00e1ci\u00f3kat.<\/p>\n\n\n\n<p>S\u0151t, ha \u00f6n az \u00e1lland\u00f3 lakosa, az Eur\u00f3pai Uni\u00f3 dolgozzuk fel az inform\u00e1ci\u00f3kat annak \u00e9rdek\u00e9ben, hogy szerz\u0151d\u00e9st k\u00f6ssenek. (p\u00e9ld\u00e1ul, abban az esetben, ha a megrendel\u00e9s az oldalon kereszt\u00fcl), vagy hogy megfelel a t\u00f6rv\u00e9nyes \u00fczleti \u00e9rdekeit, a fent felsorolt. Mindig vegy\u00fck figyelembe, hogy az adatok tov\u00e1bb\u00edthat\u00f3k Eur\u00f3p\u00e1n, bele\u00e9rtve Kanad\u00e1ba, majd az Egyes\u00fclt \u00c1llamokban.<\/p>\n\n\n\n<h4 class=\"wp-block-heading\">Linkek m\u00e1s webhelyek:<\/h4>\n\n\n\n<p>A weboldalunk tartalmazhat linkeket m\u00e1s oldalakra, amelyek nem \u00fczemeltetett vagy \u00e1ltala ellen\u0151rz\u00f6tt minket. Vegye figyelembe, hogy mi nem felel\u0151s m\u00e1s weboldalak adatkezel\u00e9si gyakorlat\u00e1val, vagy harmadik felek. Megh\u00edvjuk \u00f6nt, hogy figyeljen, ha kil\u00e9p a web-oldalon, valamint olvassa el az adatv\u00e9delmi nyilatkozatot minden egyes weboldal, amely lehet szem\u00e9lyes adatokat.<\/p>\n\n\n\n<h4 class=\"wp-block-heading\">Az inform\u00e1ci\u00f3k biztons\u00e1ga:<\/h4>\n\n\n\n<p>V\u00e9dj\u00fck az inform\u00e1ci\u00f3t ny\u00fajtanak a sz\u00e1m\u00edt\u00f3g\u00e9p szerverek ellen\u0151rz\u00f6tt, biztons\u00e1gos k\u00f6rnyezetben, v\u00e9dve a jogosulatlan hozz\u00e1f\u00e9r\u00e9s, felhaszn\u00e1l\u00e1sa vagy nyilv\u00e1noss\u00e1gra hozatala. Elfogadjuk rendszerek fizikai v\u00e9delem, m\u0171szaki, igazgat\u00e1si \u00e9sszer\u0171 l\u00e9p\u00e9st meg kell v\u00e9deni a jogosulatlan hozz\u00e1f\u00e9r\u00e9s, felhaszn\u00e1l\u00e1s, m\u00f3dos\u00edt\u00e1s, valamint szem\u00e9lyes adatok nyilv\u00e1noss\u00e1gra hozatala a birtokunkban. Ennek ellen\u00e9re nincs adat\u00e1tvitel az Interneten vagy a vezet\u00e9k n\u00e9lk\u00fcli h\u00e1l\u00f3zat lehet teljesen garant\u00e1lt biztons\u00e1gos.<\/p>\n\n\n\n<h4 class=\"wp-block-heading\">Jogi nyilatkozat:<\/h4>\n\n\n\n<p>Fogunk k\u00f6zz\u00e9 inform\u00e1ci\u00f3kat gy\u0171jt\u00fcnk, vagy haszn\u00e1lja kapni, ha sz\u00fcks\u00e9ges, vagy a t\u00f6rv\u00e9ny \u00e1ltal megengedett, p\u00e9ld\u00e1ul, hogy teljes\u00edti a parancsot, a b\u00edr\u00f3s\u00e1gok, vagy jogi elj\u00e1r\u00e1s hasonl\u00f3, amely felett, abban az esetben, amikor j\u00f3hiszem\u0171en \u00fagy v\u00e9lj\u00fck, hogy a k\u00f6zz\u00e9t\u00e9tel sz\u00fcks\u00e9ges, hogy megv\u00e9dj\u00fck jogainkat, v\u00e9di a biztons\u00e1gi vagy m\u00e1sok biztons\u00e1g\u00e1t, vizsg\u00e1lja meg a csal\u00e1s, vagy nem v\u00e1laszol a korm\u00e1nyzati k\u00e9r\u00e9sekre.<\/p>\n\n\n\n<h4 class=\"wp-block-heading\">El\u00e9rhet\u0151s\u00e9gek:<\/h4>\n\n\n\n<p>B\u00e1rmilyen k\u00e9rd\u00e9s arra vonatkozott, hogy az egyes jogok vagy a szem\u00e9lyes kapcsolatban, akkor k\u00fcldj\u00f6n egy e-mailt a info@andreinipiante.it.<\/p>","protected":false},"excerpt":{"rendered":"<p>Politica sulla riservatezza Il sito andreinipiante.it \u00e8 di propriet\u00e0 di Andreini Piante srl, titolare del trattamento dei Suoi dati personali. Abbiamo adottato questa politica sulla privacy, la quale determina il trattamento delle informazioni raccolte da andreinipiante.it, oltre che i motivi per raccolta di certi dati personali a Lei correlati. Pertanto, deve leggere questa politica sulla [&hellip;]<\/p>\n","protected":false},"author":1,"featured_media":0,"parent":0,"menu_order":0,"comment_status":"closed","ping_status":"closed","template":"","meta":{"footnotes":""},"class_list":["post-3","page","type-page","status-publish","hentry"],"acf":[],"yoast_head":"<!-- This site is optimized with the Yoast SEO plugin v27.3 - https:\/\/yoast.com\/product\/yoast-seo-wordpress\/ -->\n<title>Privacy Policy - Andreini Piante<\/title>\n<meta name=\"robots\" content=\"index, follow, max-snippet:-1, max-image-preview:large, max-video-preview:-1\" \/>\n<link rel=\"canonical\" href=\"https:\/\/andreinipiante.it\/hu\/privacy-policy\/\" \/>\n<meta property=\"og:locale\" content=\"hu_HU\" \/>\n<meta property=\"og:type\" content=\"article\" \/>\n<meta property=\"og:title\" content=\"Privacy Policy - Andreini Piante\" \/>\n<meta property=\"og:description\" content=\"Politica sulla riservatezza Il sito andreinipiante.it \u00e8 di propriet\u00e0 di Andreini Piante srl, titolare del trattamento dei Suoi dati personali. Abbiamo adottato questa politica sulla privacy, la quale determina il trattamento delle informazioni raccolte da andreinipiante.it, oltre che i motivi per raccolta di certi dati personali a Lei correlati. Pertanto, deve leggere questa politica sulla [&hellip;]\" \/>\n<meta property=\"og:url\" content=\"https:\/\/andreinipiante.it\/hu\/privacy-policy\/\" \/>\n<meta property=\"og:site_name\" content=\"Andreini Piante\" \/>\n<meta property=\"article:modified_time\" content=\"2023-08-24T10:03:20+00:00\" \/>\n<meta name=\"twitter:card\" content=\"summary_large_image\" \/>\n<meta name=\"twitter:label1\" content=\"Becs\u00fclt olvas\u00e1si id\u0151\" \/>\n\t<meta name=\"twitter:data1\" content=\"4 perc\" \/>\n<script type=\"application\/ld+json\" class=\"yoast-schema-graph\">{\"@context\":\"https:\\\/\\\/schema.org\",\"@graph\":[{\"@type\":\"WebPage\",\"@id\":\"https:\\\/\\\/andreinipiante.it\\\/privacy-policy\\\/\",\"url\":\"https:\\\/\\\/andreinipiante.it\\\/privacy-policy\\\/\",\"name\":\"Privacy Policy - Andreini Piante\",\"isPartOf\":{\"@id\":\"https:\\\/\\\/andreinipiante.it\\\/#website\"},\"datePublished\":\"2023-08-24T07:03:34+00:00\",\"dateModified\":\"2023-08-24T10:03:20+00:00\",\"breadcrumb\":{\"@id\":\"https:\\\/\\\/andreinipiante.it\\\/privacy-policy\\\/#breadcrumb\"},\"inLanguage\":\"hu\",\"potentialAction\":[{\"@type\":\"ReadAction\",\"target\":[\"https:\\\/\\\/andreinipiante.it\\\/privacy-policy\\\/\"]}]},{\"@type\":\"BreadcrumbList\",\"@id\":\"https:\\\/\\\/andreinipiante.it\\\/privacy-policy\\\/#breadcrumb\",\"itemListElement\":[{\"@type\":\"ListItem\",\"position\":1,\"name\":\"Home\",\"item\":\"https:\\\/\\\/andreinipiante.it\\\/\"},{\"@type\":\"ListItem\",\"position\":2,\"name\":\"Privacy Policy\"}]},{\"@type\":\"WebSite\",\"@id\":\"https:\\\/\\\/andreinipiante.it\\\/#website\",\"url\":\"https:\\\/\\\/andreinipiante.it\\\/\",\"name\":\"Andreini Piante\",\"description\":\"\",\"potentialAction\":[{\"@type\":\"SearchAction\",\"target\":{\"@type\":\"EntryPoint\",\"urlTemplate\":\"https:\\\/\\\/andreinipiante.it\\\/?s={search_term_string}\"},\"query-input\":{\"@type\":\"PropertyValueSpecification\",\"valueRequired\":true,\"valueName\":\"search_term_string\"}}],\"inLanguage\":\"hu\"}]}<\/script>\n<!-- \/ Yoast SEO plugin. -->","yoast_head_json":{"title":"Privacy Policy - Andreini Piante","robots":{"index":"index","follow":"follow","max-snippet":"max-snippet:-1","max-image-preview":"max-image-preview:large","max-video-preview":"max-video-preview:-1"},"canonical":"https:\/\/andreinipiante.it\/hu\/privacy-policy\/","og_locale":"hu_HU","og_type":"article","og_title":"Privacy Policy - Andreini Piante","og_description":"Politica sulla riservatezza Il sito andreinipiante.it \u00e8 di propriet\u00e0 di Andreini Piante srl, titolare del trattamento dei Suoi dati personali. Abbiamo adottato questa politica sulla privacy, la quale determina il trattamento delle informazioni raccolte da andreinipiante.it, oltre che i motivi per raccolta di certi dati personali a Lei correlati. Pertanto, deve leggere questa politica sulla [&hellip;]","og_url":"https:\/\/andreinipiante.it\/hu\/privacy-policy\/","og_site_name":"Andreini Piante","article_modified_time":"2023-08-24T10:03:20+00:00","twitter_card":"summary_large_image","twitter_misc":{"Becs\u00fclt olvas\u00e1si id\u0151":"4 perc"},"schema":{"@context":"https:\/\/schema.org","@graph":[{"@type":"WebPage","@id":"https:\/\/andreinipiante.it\/privacy-policy\/","url":"https:\/\/andreinipiante.it\/privacy-policy\/","name":"Privacy Policy - Andreini Piante","isPartOf":{"@id":"https:\/\/andreinipiante.it\/#website"},"datePublished":"2023-08-24T07:03:34+00:00","dateModified":"2023-08-24T10:03:20+00:00","breadcrumb":{"@id":"https:\/\/andreinipiante.it\/privacy-policy\/#breadcrumb"},"inLanguage":"hu","potentialAction":[{"@type":"ReadAction","target":["https:\/\/andreinipiante.it\/privacy-policy\/"]}]},{"@type":"BreadcrumbList","@id":"https:\/\/andreinipiante.it\/privacy-policy\/#breadcrumb","itemListElement":[{"@type":"ListItem","position":1,"name":"Home","item":"https:\/\/andreinipiante.it\/"},{"@type":"ListItem","position":2,"name":"Privacy Policy"}]},{"@type":"WebSite","@id":"https:\/\/andreinipiante.it\/#website","url":"https:\/\/andreinipiante.it\/","name":"Andreini Piante","description":"","potentialAction":[{"@type":"SearchAction","target":{"@type":"EntryPoint","urlTemplate":"https:\/\/andreinipiante.it\/?s={search_term_string}"},"query-input":{"@type":"PropertyValueSpecification","valueRequired":true,"valueName":"search_term_string"}}],"inLanguage":"hu"}]}},"_links":{"self":[{"href":"https:\/\/andreinipiante.it\/hu\/wp-json\/wp\/v2\/pages\/3","targetHints":{"allow":["GET"]}}],"collection":[{"href":"https:\/\/andreinipiante.it\/hu\/wp-json\/wp\/v2\/pages"}],"about":[{"href":"https:\/\/andreinipiante.it\/hu\/wp-json\/wp\/v2\/types\/page"}],"author":[{"embeddable":true,"href":"https:\/\/andreinipiante.it\/hu\/wp-json\/wp\/v2\/users\/1"}],"replies":[{"embeddable":true,"href":"https:\/\/andreinipiante.it\/hu\/wp-json\/wp\/v2\/comments?post=3"}],"version-history":[{"count":0,"href":"https:\/\/andreinipiante.it\/hu\/wp-json\/wp\/v2\/pages\/3\/revisions"}],"wp:attachment":[{"href":"https:\/\/andreinipiante.it\/hu\/wp-json\/wp\/v2\/media?parent=3"}],"curies":[{"name":"wp","href":"https:\/\/api.w.org\/{rel}","templated":true}]}}